{"id":781,"date":"2017-10-13T17:23:40","date_gmt":"2017-10-13T20:23:40","guid":{"rendered":"http:\/\/www.ingenieriaindustrial-usach.cl\/?page_id=781"},"modified":"2023-11-30T09:03:34","modified_gmt":"2023-11-30T12:03:34","slug":"magister-en-ciencias-de-la-ingenieria","status":"publish","type":"page","link":"https:\/\/www.ingenieriaindustrial-usach.cl\/en\/postgrados\/magister-en-ciencias-de-la-ingenieria\/","title":{"rendered":"Mag\u00edster en Ciencias de la Ingenier\u00eda"},"content":{"rendered":"<p>[vc_row section_top_margin=&#8221;doubletopmargin&#8221; section_bottom_margin=&#8221;nobottommargin&#8221; section_background=&#8221;color&#8221; background_color=&#8221;#ffffff&#8221; section_id=&#8221;cabecera-interior&#8221;][vc_column][vc_row_inner seqspeed=&#8221;150&#8243; el_class=&#8221;contenido&#8221;][vc_column_inner width=&#8221;1\/4&#8243;][vc_column_text el_class=&#8221;cabecera-seccion&#8221;]<\/p>\n<h2>Docencia<\/h2>\n<p>[\/vc_column_text][\/vc_column_inner][vc_column_inner width=&#8221;3\/4&#8243;][vc_column_text el_class=&#8221;breadcrumb-content&#8221;]<div class=\"breadcrumbs\" typeof=\"BreadcrumbList\" vocab=\"http:\/\/schema.org\/\">\r\n    \tUsted est\u00e1 en: <!-- Breadcrumb NavXT 7.3.1 -->\n<span property=\"itemListElement\" typeof=\"ListItem\"><a property=\"item\" typeof=\"WebPage\" title=\"Go to Departamento de Ingenier\u00eda Industrial Universidad de Santiago.\" href=\"https:\/\/www.ingenieriaindustrial-usach.cl\/en\" class=\"home\" aria-current=\"page\"><span property=\"name\">Departamento de Ingenier\u00eda Industrial Universidad de Santiago<\/span><\/a><meta property=\"position\" content=\"1\"><\/span><\/div>[\/vc_column_text][\/vc_column_inner][\/vc_row_inner][\/vc_column][\/vc_row][vc_row section_top_margin=&#8221;notopmargin&#8221; section_bottom_margin=&#8221;nobottommargin&#8221; section_background=&#8221;color&#8221; background_color=&#8221;#ffffff&#8221;][vc_column][vc_row_inner][vc_column_inner width=&#8221;1\/1&#8243;][vc_column_text]<\/p>\n<h3>Programas Acad\u00e9micos<\/h3>\n<h4><\/h4>\n<p>[\/vc_column_text][\/vc_column_inner][\/vc_row_inner][vc_row_inner][vc_column_inner width=&#8221;1\/6&#8243;][vc_single_image image=&#8221;873&#8243; img_size=&#8221;full&#8221; alignment=&#8221;center&#8221;][\/vc_column_inner][vc_column_inner width=&#8221;5\/12&#8243;][vc_column_text el_class=&#8221;descripcion-gral-carrera&#8221;]<\/p>\n<div class=\"field field-name-field-carrera-titulo-profesional field-type-text field-label-inline clearfix\">\n<div class=\"field-label\"><strong>Grado acad\u00e9mico:<\/strong>\u00a0Mag\u00edster en Ciencias de la Ingenier\u00eda, menci\u00f3n Ingenier\u00eda Industrial<\/div>\n<\/div>\n<div class=\"field field-name-field-carrera-duracion field-type-text field-label-inline clearfix\">\n<div class=\"field-label\"><strong>Duraci\u00f3n:<\/strong>\u00a03 semestres acad\u00e9micos<\/div>\n<\/div>\n<div class=\"field field-name-field-carrera-telefono field-type-number-integer field-label-inline clearfix\">\n<div><strong>Email: <a href=\"mailto:cecilia.rojas.v@usach.cl\" target=\"_blank\" rel=\"noopener noreferrer\">cecilia.rojas.v@usach.cl<\/a>\u00a0y\u00a0<a href=\"mailto:mcii@usach.cl\" target=\"_blank\" rel=\"noopener noreferrer\">mcii@usach.cl<\/a><\/strong><\/div>\n<div class=\"field-label\"><strong>Tel\u00e9fono:<\/strong>\u00a0(56-2) 2718 4244<\/div>\n<div><strong>Sitio web: <\/strong><a href=\"http:\/\/www.mcii.usach.cl\">www.mcii.usach.cl\/<\/a><\/div>\n<div><\/div>\n<div><\/div>\n<\/div>\n<p>[\/vc_column_text][\/vc_column_inner][vc_column_inner width=&#8221;5\/12&#8243;][\/vc_column_inner][\/vc_row_inner][\/vc_column][\/vc_row][vc_row section_background=&#8221;color&#8221; background_color=&#8221;#ffffff&#8221;][vc_column][vc_tta_tabs][vc_tta_section title=&#8221;General&#8221; tab_id=&#8221;general0c77-5875db39-24cc&#8221;][vc_column_text]<\/p>\n<p><strong>Descripci\u00f3n del Programa<\/strong><\/p>\n<p>El Mag\u00edster en Ciencias de la Ingenier\u00eda menci\u00f3n Ingenier\u00eda Industrial es un programa de car\u00e1cter acad\u00e9mico orientado a contribuir al desarrollo nacional e internacional, incorporando a la comunidad especialistas en los \u00e1mbitos de Gesti\u00f3n de Operaciones y Gesti\u00f3n de Organizaciones capaces de producir investigaci\u00f3n cient\u00edfico-tecnol\u00f3gico pertinente a la disciplina de Ingenier\u00eda Industrial, con respecto a las personas y medio ambiente, pudiendo as\u00ed continuar sus estudios de postgrado y\/o perfeccionamiento, como tambi\u00e9n desempe\u00f1arse en organizaciones productoras de bienes y servicios<\/p>\n<p><strong>Objetivos del Programa<\/strong><\/p>\n<p>El Mag\u00edster en Ciencias de la Ingenier\u00eda, menci\u00f3n Ingenier\u00eda Industrial tiene como objetivo general formar graduados en los \u00e1mbitos de Gesti\u00f3n de Operaciones y Gesti\u00f3n de Organizaciones capaces de producir investigaci\u00f3n cient\u00edfico-tecnol\u00f3gica pertinente a la disciplina de Ingenier\u00eda Industrial, con respeto por las personas y el medio ambiente.<\/p>\n<p>Los objetivos espec\u00edficos del Programa son:<\/p>\n<p>a) Proporcionar a sus estudiantes conocimientos, teor\u00edas, metodolog\u00edas y herramientas espec\u00edficas de avanzada, para el diagn\u00f3stico de problem\u00e1ticas de Ingenier\u00eda Industrial, as\u00ed como para el dise\u00f1o y gesti\u00f3n de soluciones eficientes para las mismas, en los \u00e1mbitos de la Gesti\u00f3n de Operaciones y Gesti\u00f3n de Organizaciones.<\/p>\n<p>b) Contribuir a la soluci\u00f3n de problem\u00e1ticas propias de la Ingenier\u00eda Industrial, pertinentes a los \u00e1mbitos de Gesti\u00f3n de Operaciones y Gesti\u00f3n de Organizaciones, a trav\u00e9s de la investigaci\u00f3n cient\u00edfico-tecnol\u00f3gica.<\/p>\n<p>c) Difundir el conocimiento generado producto de las actividades del Programa y su impacto en la disciplina de Ingenier\u00eda Industrial, a trav\u00e9s de publicaciones cient\u00edficas relevantes a nivel nacional e internacional.[\/vc_column_text][\/vc_tta_section][\/vc_tta_tabs][\/vc_column][\/vc_row][vc_row section_top_margin=&#8221;tripletopmargin&#8221; section_bottom_margin=&#8221;triplebottommargin&#8221; section_schema=&#8221;light&#8221; section_background=&#8221;parallaxbg&#8221; parallax_enable_1=&#8221;yes&#8221; parallax_background_1=&#8221;center&#8221; parallax_cover_1=&#8221;yes&#8221; parallax_speed_1=&#8221;300&#8243; section_id=&#8221;mensaje&#8221; parallax_image_1=&#8221;77&#8243;][vc_column][vc_row_inner][vc_column_inner width=&#8221;3\/4&#8243;][\/vc_column_inner][vc_column_inner el_class=&#8221;frase-txt&#8221; width=&#8221;1\/4&#8243;][vc_column_text el_class=&#8221;slogan-frase&#8221;]<\/p>\n<h2 style=\"text-align: right;\">Tradici\u00f3n e<br \/>\nInnovaci\u00f3n<\/h2>\n<p>[\/vc_column_text][\/vc_column_inner][\/vc_row_inner][\/vc_column][\/vc_row]<\/p>","protected":false},"excerpt":{"rendered":"<p>[vc_row section_top_margin=&#8221;doubletopmargin&#8221; section_bottom_margin=&#8221;nobottommargin&#8221; section_background=&#8221;color&#8221; background_color=&#8221;#ffffff&#8221; section_id=&#8221;cabecera-interior&#8221;][vc_column][vc_row_inner seqspeed=&#8221;150&#8243; el_class=&#8221;contenido&#8221;][vc_column_inner width=&#8221;1\/4&#8243;][vc_column_text el_class=&#8221;cabecera-seccion&#8221;] Docencia [\/vc_column_text][\/vc_column_inner][vc_column_inner width=&#8221;3\/4&#8243;][vc_column_text el_class=&#8221;breadcrumb-content&#8221;][\/vc_column_text][\/vc_column_inner][\/vc_row_inner][\/vc_column][\/vc_row][vc_row section_top_margin=&#8221;notopmargin&#8221; section_bottom_margin=&#8221;nobottommargin&#8221; section_background=&#8221;color&#8221; background_color=&#8221;#ffffff&#8221;][vc_column][vc_row_inner][vc_column_inner width=&#8221;1\/1&#8243;][vc_column_text] Programas Acad\u00e9micos [\/vc_column_text][\/vc_column_inner][\/vc_row_inner][vc_row_inner][vc_column_inner width=&#8221;1\/6&#8243;][vc_single_image image=&#8221;873&#8243; img_size=&#8221;full&#8221; alignment=&#8221;center&#8221;][\/vc_column_inner][vc_column_inner width=&#8221;5\/12&#8243;][vc_column_text el_class=&#8221;descripcion-gral-carrera&#8221;] Grado acad\u00e9mico:\u00a0Mag\u00edster en Ciencias de la Ingenier\u00eda, menci\u00f3n Ingenier\u00eda Industrial Duraci\u00f3n:\u00a03 semestres acad\u00e9micos Email: cecilia.rojas.v@usach.cl\u00a0y\u00a0mcii@usach.cl Tel\u00e9fono:\u00a0(56-2) 2718 4244 Sitio web: www.mcii.usach.cl\/ [\/vc_column_text][\/vc_column_inner][vc_column_inner &hellip; <a class=\"readmore\" href=\"https:\/\/www.ingenieriaindustrial-usach.cl\/en\/postgrados\/magister-en-ciencias-de-la-ingenieria\/\">Seguir Leyendo <span class=\"meta-nav\">&rarr;<\/span><\/a><\/p>\n","protected":false},"author":1,"featured_media":0,"parent":9663,"menu_order":0,"comment_status":"closed","ping_status":"closed","template":"template\/template-landing-page-vc.php","meta":{"footnotes":"","_links_to":"","_links_to_target":""},"yoast_head":"<!-- This site is optimized with the Yoast SEO plugin v23.0 - https:\/\/yoast.com\/wordpress\/plugins\/seo\/ -->\n<title>Mag\u00edster en Ciencias de la Ingenier\u00eda - Departamento de Ingenier\u00eda Industrial Universidad de Santiago<\/title>\n<meta name=\"robots\" content=\"index, follow, max-snippet:-1, max-image-preview:large, max-video-preview:-1\" \/>\n<link rel=\"canonical\" href=\"https:\/\/www.ingenieriaindustrial-usach.cl\/postgrados\/magister-en-ciencias-de-la-ingenieria\/\" \/>\n<meta property=\"og:locale\" content=\"en_US\" \/>\n<meta property=\"og:type\" content=\"article\" \/>\n<meta property=\"og:title\" content=\"Mag\u00edster en Ciencias de la Ingenier\u00eda - Departamento de Ingenier\u00eda Industrial Universidad de Santiago\" \/>\n<meta property=\"og:description\" content=\"[vc_row section_top_margin=&#8221;doubletopmargin&#8221; section_bottom_margin=&#8221;nobottommargin&#8221; section_background=&#8221;color&#8221; background_color=&#8221;#ffffff&#8221; section_id=&#8221;cabecera-interior&#8221;][vc_column][vc_row_inner seqspeed=&#8221;150&#8243; el_class=&#8221;contenido&#8221;][vc_column_inner width=&#8221;1\/4&#8243;][vc_column_text el_class=&#8221;cabecera-seccion&#8221;] Docencia [\/vc_column_text][\/vc_column_inner][vc_column_inner width=&#8221;3\/4&#8243;][vc_column_text el_class=&#8221;breadcrumb-content&#8221;][\/vc_column_text][\/vc_column_inner][\/vc_row_inner][\/vc_column][\/vc_row][vc_row section_top_margin=&#8221;notopmargin&#8221; section_bottom_margin=&#8221;nobottommargin&#8221; section_background=&#8221;color&#8221; background_color=&#8221;#ffffff&#8221;][vc_column][vc_row_inner][vc_column_inner width=&#8221;1\/1&#8243;][vc_column_text] Programas Acad\u00e9micos [\/vc_column_text][\/vc_column_inner][\/vc_row_inner][vc_row_inner][vc_column_inner width=&#8221;1\/6&#8243;][vc_single_image image=&#8221;873&#8243; img_size=&#8221;full&#8221; alignment=&#8221;center&#8221;][\/vc_column_inner][vc_column_inner width=&#8221;5\/12&#8243;][vc_column_text el_class=&#8221;descripcion-gral-carrera&#8221;] Grado acad\u00e9mico:\u00a0Mag\u00edster en Ciencias de la Ingenier\u00eda, menci\u00f3n Ingenier\u00eda Industrial Duraci\u00f3n:\u00a03 semestres acad\u00e9micos Email: cecilia.rojas.v@usach.cl\u00a0y\u00a0mcii@usach.cl Tel\u00e9fono:\u00a0(56-2) 2718 4244 Sitio web: www.mcii.usach.cl\/ [\/vc_column_text][\/vc_column_inner][vc_column_inner &hellip; Seguir Leyendo &rarr;\" \/>\n<meta property=\"og:url\" content=\"https:\/\/www.ingenieriaindustrial-usach.cl\/postgrados\/magister-en-ciencias-de-la-ingenieria\/\" \/>\n<meta property=\"og:site_name\" content=\"Departamento de Ingenier\u00eda Industrial Universidad de Santiago\" \/>\n<meta property=\"article:publisher\" content=\"https:\/\/web.facebook.com\/Depto.Ingenieria.industrial.UdeSantiagodeChile?_rdc=1&amp;_rdr\" \/>\n<meta property=\"article:modified_time\" content=\"2023-11-30T12:03:34+00:00\" \/>\n<meta name=\"twitter:card\" content=\"summary_large_image\" \/>\n<meta name=\"twitter:label1\" content=\"Est. reading time\" \/>\n\t<meta name=\"twitter:data1\" content=\"6 minutes\" \/>\n<script type=\"application\/ld+json\" class=\"yoast-schema-graph\">{\"@context\":\"https:\/\/schema.org\",\"@graph\":[{\"@type\":\"WebPage\",\"@id\":\"https:\/\/www.ingenieriaindustrial-usach.cl\/postgrados\/magister-en-ciencias-de-la-ingenieria\/\",\"url\":\"https:\/\/www.ingenieriaindustrial-usach.cl\/postgrados\/magister-en-ciencias-de-la-ingenieria\/\",\"name\":\"Mag\u00edster en Ciencias de la Ingenier\u00eda - Departamento de Ingenier\u00eda Industrial Universidad de Santiago\",\"isPartOf\":{\"@id\":\"https:\/\/www.ingenieriaindustrial-usach.cl\/#website\"},\"datePublished\":\"2017-10-13T20:23:40+00:00\",\"dateModified\":\"2023-11-30T12:03:34+00:00\",\"breadcrumb\":{\"@id\":\"https:\/\/www.ingenieriaindustrial-usach.cl\/postgrados\/magister-en-ciencias-de-la-ingenieria\/#breadcrumb\"},\"inLanguage\":\"en-US\",\"potentialAction\":[{\"@type\":\"ReadAction\",\"target\":[\"https:\/\/www.ingenieriaindustrial-usach.cl\/postgrados\/magister-en-ciencias-de-la-ingenieria\/\"]}]},{\"@type\":\"BreadcrumbList\",\"@id\":\"https:\/\/www.ingenieriaindustrial-usach.cl\/postgrados\/magister-en-ciencias-de-la-ingenieria\/#breadcrumb\",\"itemListElement\":[{\"@type\":\"ListItem\",\"position\":1,\"name\":\"Portada\",\"item\":\"https:\/\/www.ingenieriaindustrial-usach.cl\/\"},{\"@type\":\"ListItem\",\"position\":2,\"name\":\"Privado: Postgrados\",\"item\":\"https:\/\/www.ingenieriaindustrial-usach.cl\/?page_id=9663\"},{\"@type\":\"ListItem\",\"position\":3,\"name\":\"Mag\u00edster en Ciencias de la Ingenier\u00eda\"}]},{\"@type\":\"WebSite\",\"@id\":\"https:\/\/www.ingenieriaindustrial-usach.cl\/#website\",\"url\":\"https:\/\/www.ingenieriaindustrial-usach.cl\/\",\"name\":\"Departamento de Ingenier\u00eda Industrial Universidad de Santiago\",\"description\":\"Otro sitio realizado con WordPress\",\"publisher\":{\"@id\":\"https:\/\/www.ingenieriaindustrial-usach.cl\/#organization\"},\"potentialAction\":[{\"@type\":\"SearchAction\",\"target\":{\"@type\":\"EntryPoint\",\"urlTemplate\":\"https:\/\/www.ingenieriaindustrial-usach.cl\/?s={search_term_string}\"},\"query-input\":\"required name=search_term_string\"}],\"inLanguage\":\"en-US\"},{\"@type\":\"Organization\",\"@id\":\"https:\/\/www.ingenieriaindustrial-usach.cl\/#organization\",\"name\":\"Departamento de Ingenier\u00eda Industrial Universidad de Santiago\",\"url\":\"https:\/\/www.ingenieriaindustrial-usach.cl\/\",\"logo\":{\"@type\":\"ImageObject\",\"inLanguage\":\"en-US\",\"@id\":\"https:\/\/www.ingenieriaindustrial-usach.cl\/#\/schema\/logo\/image\/\",\"url\":\"https:\/\/www.ingenieriaindustrial-usach.cl\/wp-content\/uploads\/2023\/11\/cropped-favicon_usach-01.png\",\"contentUrl\":\"https:\/\/www.ingenieriaindustrial-usach.cl\/wp-content\/uploads\/2023\/11\/cropped-favicon_usach-01.png\",\"width\":512,\"height\":512,\"caption\":\"Departamento de Ingenier\u00eda Industrial Universidad de Santiago\"},\"image\":{\"@id\":\"https:\/\/www.ingenieriaindustrial-usach.cl\/#\/schema\/logo\/image\/\"},\"sameAs\":[\"https:\/\/web.facebook.com\/Depto.Ingenieria.industrial.UdeSantiagodeChile?_rdc=1&_rdr\",\"https:\/\/www.linkedin.com\/in\/departamento-ingeniera-industrial-usach-94780711b\/\",\"https:\/\/www.instagram.com\/ingenieria_industrial_usach\/\"]}]}<\/script>\n<!-- \/ Yoast SEO plugin. -->","yoast_head_json":{"title":"Mag\u00edster en Ciencias de la Ingenier\u00eda - Departamento de Ingenier\u00eda Industrial Universidad de Santiago","robots":{"index":"index","follow":"follow","max-snippet":"max-snippet:-1","max-image-preview":"max-image-preview:large","max-video-preview":"max-video-preview:-1"},"canonical":"https:\/\/www.ingenieriaindustrial-usach.cl\/postgrados\/magister-en-ciencias-de-la-ingenieria\/","og_locale":"en_US","og_type":"article","og_title":"Mag\u00edster en Ciencias de la Ingenier\u00eda - Departamento de Ingenier\u00eda Industrial Universidad de Santiago","og_description":"[vc_row section_top_margin=&#8221;doubletopmargin&#8221; section_bottom_margin=&#8221;nobottommargin&#8221; section_background=&#8221;color&#8221; background_color=&#8221;#ffffff&#8221; section_id=&#8221;cabecera-interior&#8221;][vc_column][vc_row_inner seqspeed=&#8221;150&#8243; el_class=&#8221;contenido&#8221;][vc_column_inner width=&#8221;1\/4&#8243;][vc_column_text el_class=&#8221;cabecera-seccion&#8221;] Docencia [\/vc_column_text][\/vc_column_inner][vc_column_inner width=&#8221;3\/4&#8243;][vc_column_text el_class=&#8221;breadcrumb-content&#8221;][\/vc_column_text][\/vc_column_inner][\/vc_row_inner][\/vc_column][\/vc_row][vc_row section_top_margin=&#8221;notopmargin&#8221; section_bottom_margin=&#8221;nobottommargin&#8221; section_background=&#8221;color&#8221; background_color=&#8221;#ffffff&#8221;][vc_column][vc_row_inner][vc_column_inner width=&#8221;1\/1&#8243;][vc_column_text] Programas Acad\u00e9micos [\/vc_column_text][\/vc_column_inner][\/vc_row_inner][vc_row_inner][vc_column_inner width=&#8221;1\/6&#8243;][vc_single_image image=&#8221;873&#8243; img_size=&#8221;full&#8221; alignment=&#8221;center&#8221;][\/vc_column_inner][vc_column_inner width=&#8221;5\/12&#8243;][vc_column_text el_class=&#8221;descripcion-gral-carrera&#8221;] Grado acad\u00e9mico:\u00a0Mag\u00edster en Ciencias de la Ingenier\u00eda, menci\u00f3n Ingenier\u00eda Industrial Duraci\u00f3n:\u00a03 semestres acad\u00e9micos Email: cecilia.rojas.v@usach.cl\u00a0y\u00a0mcii@usach.cl Tel\u00e9fono:\u00a0(56-2) 2718 4244 Sitio web: www.mcii.usach.cl\/ [\/vc_column_text][\/vc_column_inner][vc_column_inner &hellip; Seguir Leyendo &rarr;","og_url":"https:\/\/www.ingenieriaindustrial-usach.cl\/postgrados\/magister-en-ciencias-de-la-ingenieria\/","og_site_name":"Departamento de Ingenier\u00eda Industrial Universidad de Santiago","article_publisher":"https:\/\/web.facebook.com\/Depto.Ingenieria.industrial.UdeSantiagodeChile?_rdc=1&_rdr","article_modified_time":"2023-11-30T12:03:34+00:00","twitter_card":"summary_large_image","twitter_misc":{"Est. reading time":"6 minutes"},"schema":{"@context":"https:\/\/schema.org","@graph":[{"@type":"WebPage","@id":"https:\/\/www.ingenieriaindustrial-usach.cl\/postgrados\/magister-en-ciencias-de-la-ingenieria\/","url":"https:\/\/www.ingenieriaindustrial-usach.cl\/postgrados\/magister-en-ciencias-de-la-ingenieria\/","name":"Mag\u00edster en Ciencias de la Ingenier\u00eda - Departamento de Ingenier\u00eda Industrial Universidad de Santiago","isPartOf":{"@id":"https:\/\/www.ingenieriaindustrial-usach.cl\/#website"},"datePublished":"2017-10-13T20:23:40+00:00","dateModified":"2023-11-30T12:03:34+00:00","breadcrumb":{"@id":"https:\/\/www.ingenieriaindustrial-usach.cl\/postgrados\/magister-en-ciencias-de-la-ingenieria\/#breadcrumb"},"inLanguage":"en-US","potentialAction":[{"@type":"ReadAction","target":["https:\/\/www.ingenieriaindustrial-usach.cl\/postgrados\/magister-en-ciencias-de-la-ingenieria\/"]}]},{"@type":"BreadcrumbList","@id":"https:\/\/www.ingenieriaindustrial-usach.cl\/postgrados\/magister-en-ciencias-de-la-ingenieria\/#breadcrumb","itemListElement":[{"@type":"ListItem","position":1,"name":"Portada","item":"https:\/\/www.ingenieriaindustrial-usach.cl\/"},{"@type":"ListItem","position":2,"name":"Privado: Postgrados","item":"https:\/\/www.ingenieriaindustrial-usach.cl\/?page_id=9663"},{"@type":"ListItem","position":3,"name":"Mag\u00edster en Ciencias de la Ingenier\u00eda"}]},{"@type":"WebSite","@id":"https:\/\/www.ingenieriaindustrial-usach.cl\/#website","url":"https:\/\/www.ingenieriaindustrial-usach.cl\/","name":"Departamento de Ingenier\u00eda Industrial Universidad de Santiago","description":"Otro sitio realizado con WordPress","publisher":{"@id":"https:\/\/www.ingenieriaindustrial-usach.cl\/#organization"},"potentialAction":[{"@type":"SearchAction","target":{"@type":"EntryPoint","urlTemplate":"https:\/\/www.ingenieriaindustrial-usach.cl\/?s={search_term_string}"},"query-input":"required name=search_term_string"}],"inLanguage":"en-US"},{"@type":"Organization","@id":"https:\/\/www.ingenieriaindustrial-usach.cl\/#organization","name":"Departamento de Ingenier\u00eda Industrial Universidad de Santiago","url":"https:\/\/www.ingenieriaindustrial-usach.cl\/","logo":{"@type":"ImageObject","inLanguage":"en-US","@id":"https:\/\/www.ingenieriaindustrial-usach.cl\/#\/schema\/logo\/image\/","url":"https:\/\/www.ingenieriaindustrial-usach.cl\/wp-content\/uploads\/2023\/11\/cropped-favicon_usach-01.png","contentUrl":"https:\/\/www.ingenieriaindustrial-usach.cl\/wp-content\/uploads\/2023\/11\/cropped-favicon_usach-01.png","width":512,"height":512,"caption":"Departamento de Ingenier\u00eda Industrial Universidad de Santiago"},"image":{"@id":"https:\/\/www.ingenieriaindustrial-usach.cl\/#\/schema\/logo\/image\/"},"sameAs":["https:\/\/web.facebook.com\/Depto.Ingenieria.industrial.UdeSantiagodeChile?_rdc=1&_rdr","https:\/\/www.linkedin.com\/in\/departamento-ingeniera-industrial-usach-94780711b\/","https:\/\/www.instagram.com\/ingenieria_industrial_usach\/"]}]}},"_links":{"self":[{"href":"https:\/\/www.ingenieriaindustrial-usach.cl\/en\/wp-json\/wp\/v2\/pages\/781"}],"collection":[{"href":"https:\/\/www.ingenieriaindustrial-usach.cl\/en\/wp-json\/wp\/v2\/pages"}],"about":[{"href":"https:\/\/www.ingenieriaindustrial-usach.cl\/en\/wp-json\/wp\/v2\/types\/page"}],"author":[{"embeddable":true,"href":"https:\/\/www.ingenieriaindustrial-usach.cl\/en\/wp-json\/wp\/v2\/users\/1"}],"replies":[{"embeddable":true,"href":"https:\/\/www.ingenieriaindustrial-usach.cl\/en\/wp-json\/wp\/v2\/comments?post=781"}],"version-history":[{"count":22,"href":"https:\/\/www.ingenieriaindustrial-usach.cl\/en\/wp-json\/wp\/v2\/pages\/781\/revisions"}],"predecessor-version":[{"id":8240,"href":"https:\/\/www.ingenieriaindustrial-usach.cl\/en\/wp-json\/wp\/v2\/pages\/781\/revisions\/8240"}],"up":[{"embeddable":true,"href":"https:\/\/www.ingenieriaindustrial-usach.cl\/en\/wp-json\/wp\/v2\/pages\/9663"}],"wp:attachment":[{"href":"https:\/\/www.ingenieriaindustrial-usach.cl\/en\/wp-json\/wp\/v2\/media?parent=781"}],"curies":[{"name":"wp","href":"https:\/\/api.w.org\/{rel}","templated":true}]}}