{"id":764,"date":"2017-10-13T17:19:30","date_gmt":"2017-10-13T20:19:30","guid":{"rendered":"http:\/\/www.ingenieriaindustrial-usach.cl\/?page_id=764"},"modified":"2025-09-22T11:12:25","modified_gmt":"2025-09-22T14:12:25","slug":"ingenieria-de-ejecucion-industrial","status":"publish","type":"page","link":"https:\/\/www.ingenieriaindustrial-usach.cl\/en\/docencia-2\/programas-academicos\/pregrado-diurno\/ingenieria-de-ejecucion-industrial\/","title":{"rendered":"Ingenier\u00eda de Ejecuci\u00f3n Industrial"},"content":{"rendered":"<p>[vc_row section_top_margin=&#8221;doubletopmargin&#8221; section_bottom_margin=&#8221;nobottommargin&#8221; section_background=&#8221;color&#8221; background_color=&#8221;#ffffff&#8221; section_id=&#8221;cabecera-interior&#8221;][vc_column][vc_row_inner seqspeed=&#8221;150&#8243; el_class=&#8221;contenido&#8221;][vc_column_inner width=&#8221;1\/4&#8243;][vc_column_text el_class=&#8221;cabecera-seccion&#8221;]<\/p>\n<h2>Docencia<\/h2>\n<p>[\/vc_column_text][\/vc_column_inner][vc_column_inner width=&#8221;3\/4&#8243;][vc_column_text el_class=&#8221;breadcrumb-content&#8221;]<div class=\"breadcrumbs\" typeof=\"BreadcrumbList\" vocab=\"http:\/\/schema.org\/\">\r\n    \tUsted est\u00e1 en: <!-- Breadcrumb NavXT 7.3.1 -->\n<span property=\"itemListElement\" typeof=\"ListItem\"><a property=\"item\" typeof=\"WebPage\" title=\"Go to Departamento de Ingenier\u00eda Industrial Universidad de Santiago.\" href=\"https:\/\/www.ingenieriaindustrial-usach.cl\/en\" class=\"home\" aria-current=\"page\"><span property=\"name\">Departamento de Ingenier\u00eda Industrial Universidad de Santiago<\/span><\/a><meta property=\"position\" content=\"1\"><\/span><\/div>[\/vc_column_text][\/vc_column_inner][\/vc_row_inner][\/vc_column][\/vc_row][vc_row section_top_margin=&#8221;notopmargin&#8221; section_bottom_margin=&#8221;nobottommargin&#8221; section_background=&#8221;color&#8221; background_color=&#8221;#ffffff&#8221;][vc_column][vc_row_inner][vc_column_inner width=&#8221;1\/1&#8243;][vc_column_text]<\/p>\n<h3>Programas Acad\u00e9micos<\/h3>\n<h4>Ingenier\u00eda de Ejecuci\u00f3n Industrial<\/h4>\n<p>[\/vc_column_text][\/vc_column_inner][\/vc_row_inner][vc_row_inner][vc_column_inner width=&#8221;1\/6&#8243;][vc_single_image image=&#8221;808&#8243; img_size=&#8221;full&#8221; alignment=&#8221;center&#8221;][\/vc_column_inner][vc_column_inner width=&#8221;5\/12&#8243;][vc_column_text el_class=&#8221;descripcion-gral-carrera&#8221;]<\/p>\n<div class=\"field field-name-field-carrera-titulo-profesional field-type-text field-label-inline clearfix\">\n<div class=\"field-label\"><strong>T\u00edtulo profesional:<\/strong>\u00a0Ingenier\u00eda de Ejecuci\u00f3n Industrial<\/div>\n<\/div>\n<div class=\"field field-name-field-carrera-grado-academico field-type-text field-label-inline clearfix\">\n<div class=\"field-label\"><strong>Grado acad\u00e9mico:\u00a0<\/strong>\u00a0Licenciado de Ingenier\u00eda Aplicada<\/div>\n<\/div>\n<div class=\"field field-name-field-carrera-duracion field-type-text field-label-inline clearfix\">\n<div class=\"field-label\"><strong>Duraci\u00f3n:<\/strong> 8 semestres<\/div>\n<\/div>\n<div class=\"field field-name-field-carrera-telefono field-type-number-integer field-label-inline clearfix\">\n<div class=\"field-label\"><strong>Tel\u00e9fono:<\/strong>\u00a0(56-2) 2718 4109<\/div>\n<\/div>\n<p>[\/vc_column_text][\/vc_column_inner][vc_column_inner width=&#8221;5\/12&#8243;][vc_btn title=&#8221;Descargar Malla&#8221; style=&#8221;classic&#8221; shape=&#8221;square&#8221; color=&#8221;orange&#8221; size=&#8221;lg&#8221; align=&#8221;center&#8221; css_animation=&#8221;fadeInDown&#8221; button_block=&#8221;true&#8221; link=&#8221;url:http%3A%2F%2Fwww.ingenieriaindustrial-usach.cl%2Fwp-content%2Fuploads%2F2023%2F07%2FPlan-de-estudios-IEI-2023.pdf||target:%20_blank|&#8221;][\/vc_column_inner][\/vc_row_inner][\/vc_column][\/vc_row][vc_row section_background=&#8221;color&#8221; background_color=&#8221;#ffffff&#8221;][vc_column][vc_tta_tabs][vc_tta_section title=&#8221;General&#8221; tab_id=&#8221;generalfd3b-bdf6&#8243;][vc_column_text]<\/p>\n<h3>Los postulantes a esta carrera deber\u00e1n poseer:<\/h3>\n<ul>\n<li>Capacidad para ejercer liderazgo en equipos de trabajo.<\/li>\n<li>Facilidad para conducir personas.<\/li>\n<li>Capacidad para resolver problemas t\u00e9cnicos.<\/li>\n<li>Tenacidad en el logro de metas.<\/li>\n<li>Esp\u00edritu creativo y cr\u00edtico.<\/li>\n<\/ul>\n<h4>Coordinadora Docente<\/h4>\n<p>Sra. Ester Silva Bucarei<br \/>\nEmail:\u00a0ester.silva@usach.cl<br \/>\nFono:\u00a0(56-2) 27184103<\/p>\n<h4>Secretaria Docente<\/h4>\n<p>Srta. Denisse Hermosilla<br \/>\nE-mail:\u00a0<a href=\"mailto:denisse.hermosilla@usach.cl\">denisse.hermosilla@usach.cl<\/a><br \/>\nFono: (56-2) 718 4109[\/vc_column_text][\/vc_tta_section][vc_tta_section title=&#8221;Perfil del Egresado&#8221; tab_id=&#8221;perfil-egresadofd3b-bdf6&#8243;][vc_column_text]<\/p>\n<p style=\"font-weight: 400;\"><span style=\"font-family: helvetica; font-size: 17px;\">Para la Carrera de Ingenier\u00eda de Ejecuci\u00f3n Industrial, la Universidad de Santiago de Chile ha establecido un compromiso educativo con sus estudiantes, el cual se expresa en los compromisos formativos especificados en este Perfil de Egreso.<\/span><\/p>\n<p><span style=\"font-family: helvetica; font-size: 17px;\"><strong>a) Desempe\u00f1os Profesionales del (de la) Ingeniero(a) de Ejecuci\u00f3n:<\/strong><\/span><\/p>\n<p style=\"font-weight: 400;\"><span style=\"font-family: helvetica; font-size: 17px;\">El (la) profesional titulado(a) de una Carrera de Ingenier\u00eda de Ejecuci\u00f3n de la Universidad de Santiago de Chile, independiente de la especialidad, poseer\u00e1 al momento de titularse los siguientes desempe\u00f1os profesionales:<\/span><\/p>\n<ul>\n<li style=\"font-weight: 400;\"><span style=\"font-family: helvetica; font-size: 17px;\">Diagnosticar y resolver problemas de ingenier\u00eda a nivel operativo, aplicando ciencias b\u00e1sicas, humanas y de ingenier\u00eda, desde una perspectiva sist\u00e9mica y tecnol\u00f3gica, con un enfoque innovador y orientado al emprendimiento.<\/span><\/li>\n<li style=\"font-weight: 400;\"><span style=\"font-family: helvetica; font-size: 17px;\">Dise\u00f1ar y gestionar proyectos, orientados al mejoramiento continuo de sistemas productivos y de servicios en el \u00e1mbito de la disciplina, de manera \u00e9tica, considerando variables econ\u00f3micas, ambientales, culturales y sociales.<\/span><\/li>\n<li style=\"font-weight: 400;\"><span style=\"font-family: helvetica; font-size: 17px;\">Implementar, operar y controlar sistemas modernos de manufactura y\/o servicios, considerando equipos de trabajo, aspectos y contextos involucrados y los impactos de su quehacer profesional.<\/span><\/li>\n<\/ul>\n<p><span style=\"font-family: helvetica; font-size: 17px;\"><strong>b) Desempe\u00f1os Profesionales del (de la) Ingeniero(a) de Ejecuci\u00f3n Industrial:<\/strong><\/span><\/p>\n<p style=\"font-weight: 400;\"><span style=\"font-family: helvetica; font-size: 17px;\">El (la) profesional titulado(a) de la Carrera de Ingenier\u00eda de Ejecuci\u00f3n Industrial de la Universidad de Santiago de Chile, poseer\u00e1 al momento de titularse los siguientes desempe\u00f1os profesionales:<\/span><\/p>\n<ul>\n<li style=\"font-weight: 400;\"><span style=\"font-family: helvetica; font-size: 17px;\">Dise\u00f1ar sistemas productivos y mejoras de procesos a nivel operativo desde una perspectiva integral, multidisciplinaria y tecnol\u00f3gica con un enfoque innovador aplicando conocimientos de ciencias b\u00e1sicas, de la ingenier\u00eda y de su especialidad, tales como gesti\u00f3n de operaciones, tecnolog\u00edas de la informaci\u00f3n, econom\u00eda y capital humano.<\/span><\/li>\n<li style=\"font-weight: 400;\"><span style=\"font-family: helvetica; font-size: 17px;\">Gestionar la implementaci\u00f3n y operaci\u00f3n de sistemas de producci\u00f3n de bienes y servicios, a nivel operativo y t\u00e1ctico incorporando los avances tecnol\u00f3gicos, m\u00e9todos y t\u00e9cnicas en el \u00e1mbito de su especialidad, participando efectivamente en equipos multidisciplinarios, considerando el impacto de su quehacer profesional y los aspectos \u00e9ticos, sociales y de sostenibilidad.<\/span><\/li>\n<li style=\"font-weight: 400;\"><span style=\"font-family: helvetica; font-size: 17px;\">Desarrollar soluciones innovadoras aplicando m\u00e9todos, herramientas, t\u00e9cnicas y estrategias que agreguen valor a los sistemas de producci\u00f3n y operaciones de la organizaci\u00f3n o con proyecci\u00f3n de emprendimiento, considerando aspectos \u00e9ticos, sociales, econ\u00f3micos, legales y de sostenibilidad<\/span><\/li>\n<\/ul>\n<p>[\/vc_column_text][\/vc_tta_section][vc_tta_section title=&#8221;Campo Laboral&#8221; tab_id=&#8221;campo-laboralfd3b-bdf6&#8243;][vc_column_text]<\/p>\n<h3>Campo Laboral<\/h3>\n<p>El Ingeniero de Ejecuci\u00f3n en Industrias puede desempe\u00f1arse en el sector p\u00fablico o privado, en instituciones, organizaciones y empresas Industriales o de servicios, en departamentos de estudio, Ingenier\u00eda y desarrollo, en apoyo a la gesti\u00f3n en el \u00e1mbito t\u00e1ctico y operativo, evaluaci\u00f3n t\u00e9cnica y econ\u00f3mica de proyectos operativos y t\u00e1cticos, dirigir personal en procesos productivos o de servicios, desarrollar y evaluar m\u00e9todos de trabajo, programar, controlar materiales y actividades de un plan de trabajo, determinar costos operacionales en programaci\u00f3n y control de Inventarios.[\/vc_column_text][\/vc_tta_section][\/vc_tta_tabs][\/vc_column][\/vc_row][vc_row section_top_margin=&#8221;tripletopmargin&#8221; section_bottom_margin=&#8221;triplebottommargin&#8221; section_schema=&#8221;light&#8221; section_background=&#8221;parallaxbg&#8221; parallax_enable_1=&#8221;yes&#8221; parallax_background_1=&#8221;center&#8221; parallax_cover_1=&#8221;yes&#8221; parallax_speed_1=&#8221;300&#8243; section_id=&#8221;mensaje&#8221; parallax_image_1=&#8221;77&#8243;][vc_column][vc_row_inner][vc_column_inner width=&#8221;3\/4&#8243;][\/vc_column_inner][vc_column_inner el_class=&#8221;frase-txt&#8221; width=&#8221;1\/4&#8243;][vc_column_text el_class=&#8221;slogan-frase&#8221;]<\/p>\n<h2 style=\"text-align: right;\">Tradici\u00f3n e<br \/>\nInnovaci\u00f3n<\/h2>\n<p>[\/vc_column_text][\/vc_column_inner][\/vc_row_inner][\/vc_column][\/vc_row]<\/p>","protected":false},"excerpt":{"rendered":"<p>[vc_row section_top_margin=&#8221;doubletopmargin&#8221; section_bottom_margin=&#8221;nobottommargin&#8221; section_background=&#8221;color&#8221; background_color=&#8221;#ffffff&#8221; section_id=&#8221;cabecera-interior&#8221;][vc_column][vc_row_inner seqspeed=&#8221;150&#8243; el_class=&#8221;contenido&#8221;][vc_column_inner width=&#8221;1\/4&#8243;][vc_column_text el_class=&#8221;cabecera-seccion&#8221;] Docencia [\/vc_column_text][\/vc_column_inner][vc_column_inner width=&#8221;3\/4&#8243;][vc_column_text el_class=&#8221;breadcrumb-content&#8221;][\/vc_column_text][\/vc_column_inner][\/vc_row_inner][\/vc_column][\/vc_row][vc_row section_top_margin=&#8221;notopmargin&#8221; section_bottom_margin=&#8221;nobottommargin&#8221; section_background=&#8221;color&#8221; background_color=&#8221;#ffffff&#8221;][vc_column][vc_row_inner][vc_column_inner width=&#8221;1\/1&#8243;][vc_column_text] Programas Acad\u00e9micos Ingenier\u00eda de Ejecuci\u00f3n Industrial [\/vc_column_text][\/vc_column_inner][\/vc_row_inner][vc_row_inner][vc_column_inner width=&#8221;1\/6&#8243;][vc_single_image image=&#8221;808&#8243; img_size=&#8221;full&#8221; alignment=&#8221;center&#8221;][\/vc_column_inner][vc_column_inner width=&#8221;5\/12&#8243;][vc_column_text el_class=&#8221;descripcion-gral-carrera&#8221;] T\u00edtulo profesional:\u00a0Ingenier\u00eda de Ejecuci\u00f3n Industrial Grado acad\u00e9mico:\u00a0\u00a0Licenciado de Ingenier\u00eda Aplicada Duraci\u00f3n: 8 semestres Tel\u00e9fono:\u00a0(56-2) 2718 4109 [\/vc_column_text][\/vc_column_inner][vc_column_inner width=&#8221;5\/12&#8243;][vc_btn &hellip; <a class=\"readmore\" href=\"https:\/\/www.ingenieriaindustrial-usach.cl\/en\/docencia-2\/programas-academicos\/pregrado-diurno\/ingenieria-de-ejecucion-industrial\/\">Seguir Leyendo <span class=\"meta-nav\">&rarr;<\/span><\/a><\/p>\n","protected":false},"author":1,"featured_media":0,"parent":744,"menu_order":0,"comment_status":"closed","ping_status":"closed","template":"template\/template-landing-page-vc.php","meta":{"footnotes":"","_links_to":"","_links_to_target":""},"yoast_head":"<!-- This site is optimized with the Yoast SEO plugin v23.0 - https:\/\/yoast.com\/wordpress\/plugins\/seo\/ -->\n<title>Ingenier\u00eda de Ejecuci\u00f3n Industrial - Departamento de Ingenier\u00eda Industrial Universidad de Santiago<\/title>\n<meta name=\"robots\" content=\"index, follow, max-snippet:-1, max-image-preview:large, max-video-preview:-1\" \/>\n<link rel=\"canonical\" href=\"https:\/\/www.ingenieriaindustrial-usach.cl\/docencia-2\/programas-academicos\/pregrado-diurno\/ingenieria-de-ejecucion-industrial\/\" \/>\n<meta property=\"og:locale\" content=\"en_US\" \/>\n<meta property=\"og:type\" content=\"article\" \/>\n<meta property=\"og:title\" content=\"Ingenier\u00eda de Ejecuci\u00f3n Industrial - Departamento de Ingenier\u00eda Industrial Universidad de Santiago\" \/>\n<meta property=\"og:description\" content=\"[vc_row section_top_margin=&#8221;doubletopmargin&#8221; section_bottom_margin=&#8221;nobottommargin&#8221; section_background=&#8221;color&#8221; background_color=&#8221;#ffffff&#8221; section_id=&#8221;cabecera-interior&#8221;][vc_column][vc_row_inner seqspeed=&#8221;150&#8243; el_class=&#8221;contenido&#8221;][vc_column_inner width=&#8221;1\/4&#8243;][vc_column_text el_class=&#8221;cabecera-seccion&#8221;] Docencia [\/vc_column_text][\/vc_column_inner][vc_column_inner width=&#8221;3\/4&#8243;][vc_column_text el_class=&#8221;breadcrumb-content&#8221;][\/vc_column_text][\/vc_column_inner][\/vc_row_inner][\/vc_column][\/vc_row][vc_row section_top_margin=&#8221;notopmargin&#8221; section_bottom_margin=&#8221;nobottommargin&#8221; section_background=&#8221;color&#8221; background_color=&#8221;#ffffff&#8221;][vc_column][vc_row_inner][vc_column_inner width=&#8221;1\/1&#8243;][vc_column_text] Programas Acad\u00e9micos Ingenier\u00eda de Ejecuci\u00f3n Industrial [\/vc_column_text][\/vc_column_inner][\/vc_row_inner][vc_row_inner][vc_column_inner width=&#8221;1\/6&#8243;][vc_single_image image=&#8221;808&#8243; img_size=&#8221;full&#8221; alignment=&#8221;center&#8221;][\/vc_column_inner][vc_column_inner width=&#8221;5\/12&#8243;][vc_column_text el_class=&#8221;descripcion-gral-carrera&#8221;] T\u00edtulo profesional:\u00a0Ingenier\u00eda de Ejecuci\u00f3n Industrial Grado acad\u00e9mico:\u00a0\u00a0Licenciado de Ingenier\u00eda Aplicada Duraci\u00f3n: 8 semestres Tel\u00e9fono:\u00a0(56-2) 2718 4109 [\/vc_column_text][\/vc_column_inner][vc_column_inner width=&#8221;5\/12&#8243;][vc_btn &hellip; Seguir Leyendo &rarr;\" \/>\n<meta property=\"og:url\" content=\"https:\/\/www.ingenieriaindustrial-usach.cl\/docencia-2\/programas-academicos\/pregrado-diurno\/ingenieria-de-ejecucion-industrial\/\" \/>\n<meta property=\"og:site_name\" content=\"Departamento de Ingenier\u00eda Industrial Universidad de Santiago\" \/>\n<meta property=\"article:publisher\" content=\"https:\/\/web.facebook.com\/Depto.Ingenieria.industrial.UdeSantiagodeChile?_rdc=1&amp;_rdr\" \/>\n<meta property=\"article:modified_time\" content=\"2025-09-22T14:12:25+00:00\" \/>\n<meta name=\"twitter:card\" content=\"summary_large_image\" \/>\n<meta name=\"twitter:label1\" content=\"Est. reading time\" \/>\n\t<meta name=\"twitter:data1\" content=\"3 minutes\" \/>\n<script type=\"application\/ld+json\" class=\"yoast-schema-graph\">{\"@context\":\"https:\/\/schema.org\",\"@graph\":[{\"@type\":\"WebPage\",\"@id\":\"https:\/\/www.ingenieriaindustrial-usach.cl\/docencia-2\/programas-academicos\/pregrado-diurno\/ingenieria-de-ejecucion-industrial\/\",\"url\":\"https:\/\/www.ingenieriaindustrial-usach.cl\/docencia-2\/programas-academicos\/pregrado-diurno\/ingenieria-de-ejecucion-industrial\/\",\"name\":\"Ingenier\u00eda de Ejecuci\u00f3n Industrial - Departamento de Ingenier\u00eda Industrial Universidad de Santiago\",\"isPartOf\":{\"@id\":\"https:\/\/www.ingenieriaindustrial-usach.cl\/#website\"},\"datePublished\":\"2017-10-13T20:19:30+00:00\",\"dateModified\":\"2025-09-22T14:12:25+00:00\",\"breadcrumb\":{\"@id\":\"https:\/\/www.ingenieriaindustrial-usach.cl\/docencia-2\/programas-academicos\/pregrado-diurno\/ingenieria-de-ejecucion-industrial\/#breadcrumb\"},\"inLanguage\":\"en-US\",\"potentialAction\":[{\"@type\":\"ReadAction\",\"target\":[\"https:\/\/www.ingenieriaindustrial-usach.cl\/docencia-2\/programas-academicos\/pregrado-diurno\/ingenieria-de-ejecucion-industrial\/\"]}]},{\"@type\":\"BreadcrumbList\",\"@id\":\"https:\/\/www.ingenieriaindustrial-usach.cl\/docencia-2\/programas-academicos\/pregrado-diurno\/ingenieria-de-ejecucion-industrial\/#breadcrumb\",\"itemListElement\":[{\"@type\":\"ListItem\",\"position\":1,\"name\":\"Portada\",\"item\":\"https:\/\/www.ingenieriaindustrial-usach.cl\/\"},{\"@type\":\"ListItem\",\"position\":2,\"name\":\"Docencia\",\"item\":\"https:\/\/www.ingenieriaindustrial-usach.cl\/docencia-dii\/\"},{\"@type\":\"ListItem\",\"position\":3,\"name\":\"Programas Acad\u00e9micos\",\"item\":\"https:\/\/ingenieriaindustrial-usach.cl\/admision\/\"},{\"@type\":\"ListItem\",\"position\":4,\"name\":\"Pregrado Diurno\",\"item\":\"https:\/\/www.ingenieriaindustrial-usach.cl\/docencia-2\/programas-academicos\/pregrado-diurno\/\"},{\"@type\":\"ListItem\",\"position\":5,\"name\":\"Ingenier\u00eda de Ejecuci\u00f3n Industrial\"}]},{\"@type\":\"WebSite\",\"@id\":\"https:\/\/www.ingenieriaindustrial-usach.cl\/#website\",\"url\":\"https:\/\/www.ingenieriaindustrial-usach.cl\/\",\"name\":\"Departamento de Ingenier\u00eda Industrial Universidad de Santiago\",\"description\":\"Otro sitio realizado con WordPress\",\"publisher\":{\"@id\":\"https:\/\/www.ingenieriaindustrial-usach.cl\/#organization\"},\"potentialAction\":[{\"@type\":\"SearchAction\",\"target\":{\"@type\":\"EntryPoint\",\"urlTemplate\":\"https:\/\/www.ingenieriaindustrial-usach.cl\/?s={search_term_string}\"},\"query-input\":\"required name=search_term_string\"}],\"inLanguage\":\"en-US\"},{\"@type\":\"Organization\",\"@id\":\"https:\/\/www.ingenieriaindustrial-usach.cl\/#organization\",\"name\":\"Departamento de Ingenier\u00eda Industrial Universidad de Santiago\",\"url\":\"https:\/\/www.ingenieriaindustrial-usach.cl\/\",\"logo\":{\"@type\":\"ImageObject\",\"inLanguage\":\"en-US\",\"@id\":\"https:\/\/www.ingenieriaindustrial-usach.cl\/#\/schema\/logo\/image\/\",\"url\":\"https:\/\/www.ingenieriaindustrial-usach.cl\/wp-content\/uploads\/2023\/11\/cropped-favicon_usach-01.png\",\"contentUrl\":\"https:\/\/www.ingenieriaindustrial-usach.cl\/wp-content\/uploads\/2023\/11\/cropped-favicon_usach-01.png\",\"width\":512,\"height\":512,\"caption\":\"Departamento de Ingenier\u00eda Industrial Universidad de Santiago\"},\"image\":{\"@id\":\"https:\/\/www.ingenieriaindustrial-usach.cl\/#\/schema\/logo\/image\/\"},\"sameAs\":[\"https:\/\/web.facebook.com\/Depto.Ingenieria.industrial.UdeSantiagodeChile?_rdc=1&_rdr\",\"https:\/\/www.linkedin.com\/in\/departamento-ingeniera-industrial-usach-94780711b\/\",\"https:\/\/www.instagram.com\/ingenieria_industrial_usach\/\"]}]}<\/script>\n<!-- \/ Yoast SEO plugin. -->","yoast_head_json":{"title":"Ingenier\u00eda de Ejecuci\u00f3n Industrial - Departamento de Ingenier\u00eda Industrial Universidad de Santiago","robots":{"index":"index","follow":"follow","max-snippet":"max-snippet:-1","max-image-preview":"max-image-preview:large","max-video-preview":"max-video-preview:-1"},"canonical":"https:\/\/www.ingenieriaindustrial-usach.cl\/docencia-2\/programas-academicos\/pregrado-diurno\/ingenieria-de-ejecucion-industrial\/","og_locale":"en_US","og_type":"article","og_title":"Ingenier\u00eda de Ejecuci\u00f3n Industrial - Departamento de Ingenier\u00eda Industrial Universidad de Santiago","og_description":"[vc_row section_top_margin=&#8221;doubletopmargin&#8221; section_bottom_margin=&#8221;nobottommargin&#8221; section_background=&#8221;color&#8221; background_color=&#8221;#ffffff&#8221; section_id=&#8221;cabecera-interior&#8221;][vc_column][vc_row_inner seqspeed=&#8221;150&#8243; el_class=&#8221;contenido&#8221;][vc_column_inner width=&#8221;1\/4&#8243;][vc_column_text el_class=&#8221;cabecera-seccion&#8221;] Docencia [\/vc_column_text][\/vc_column_inner][vc_column_inner width=&#8221;3\/4&#8243;][vc_column_text el_class=&#8221;breadcrumb-content&#8221;][\/vc_column_text][\/vc_column_inner][\/vc_row_inner][\/vc_column][\/vc_row][vc_row section_top_margin=&#8221;notopmargin&#8221; section_bottom_margin=&#8221;nobottommargin&#8221; section_background=&#8221;color&#8221; background_color=&#8221;#ffffff&#8221;][vc_column][vc_row_inner][vc_column_inner width=&#8221;1\/1&#8243;][vc_column_text] Programas Acad\u00e9micos Ingenier\u00eda de Ejecuci\u00f3n Industrial [\/vc_column_text][\/vc_column_inner][\/vc_row_inner][vc_row_inner][vc_column_inner width=&#8221;1\/6&#8243;][vc_single_image image=&#8221;808&#8243; img_size=&#8221;full&#8221; alignment=&#8221;center&#8221;][\/vc_column_inner][vc_column_inner width=&#8221;5\/12&#8243;][vc_column_text el_class=&#8221;descripcion-gral-carrera&#8221;] T\u00edtulo profesional:\u00a0Ingenier\u00eda de Ejecuci\u00f3n Industrial Grado acad\u00e9mico:\u00a0\u00a0Licenciado de Ingenier\u00eda Aplicada Duraci\u00f3n: 8 semestres Tel\u00e9fono:\u00a0(56-2) 2718 4109 [\/vc_column_text][\/vc_column_inner][vc_column_inner width=&#8221;5\/12&#8243;][vc_btn &hellip; Seguir Leyendo &rarr;","og_url":"https:\/\/www.ingenieriaindustrial-usach.cl\/docencia-2\/programas-academicos\/pregrado-diurno\/ingenieria-de-ejecucion-industrial\/","og_site_name":"Departamento de Ingenier\u00eda Industrial Universidad de Santiago","article_publisher":"https:\/\/web.facebook.com\/Depto.Ingenieria.industrial.UdeSantiagodeChile?_rdc=1&_rdr","article_modified_time":"2025-09-22T14:12:25+00:00","twitter_card":"summary_large_image","twitter_misc":{"Est. reading time":"3 minutes"},"schema":{"@context":"https:\/\/schema.org","@graph":[{"@type":"WebPage","@id":"https:\/\/www.ingenieriaindustrial-usach.cl\/docencia-2\/programas-academicos\/pregrado-diurno\/ingenieria-de-ejecucion-industrial\/","url":"https:\/\/www.ingenieriaindustrial-usach.cl\/docencia-2\/programas-academicos\/pregrado-diurno\/ingenieria-de-ejecucion-industrial\/","name":"Ingenier\u00eda de Ejecuci\u00f3n Industrial - Departamento de Ingenier\u00eda Industrial Universidad de Santiago","isPartOf":{"@id":"https:\/\/www.ingenieriaindustrial-usach.cl\/#website"},"datePublished":"2017-10-13T20:19:30+00:00","dateModified":"2025-09-22T14:12:25+00:00","breadcrumb":{"@id":"https:\/\/www.ingenieriaindustrial-usach.cl\/docencia-2\/programas-academicos\/pregrado-diurno\/ingenieria-de-ejecucion-industrial\/#breadcrumb"},"inLanguage":"en-US","potentialAction":[{"@type":"ReadAction","target":["https:\/\/www.ingenieriaindustrial-usach.cl\/docencia-2\/programas-academicos\/pregrado-diurno\/ingenieria-de-ejecucion-industrial\/"]}]},{"@type":"BreadcrumbList","@id":"https:\/\/www.ingenieriaindustrial-usach.cl\/docencia-2\/programas-academicos\/pregrado-diurno\/ingenieria-de-ejecucion-industrial\/#breadcrumb","itemListElement":[{"@type":"ListItem","position":1,"name":"Portada","item":"https:\/\/www.ingenieriaindustrial-usach.cl\/"},{"@type":"ListItem","position":2,"name":"Docencia","item":"https:\/\/www.ingenieriaindustrial-usach.cl\/docencia-dii\/"},{"@type":"ListItem","position":3,"name":"Programas Acad\u00e9micos","item":"https:\/\/ingenieriaindustrial-usach.cl\/admision\/"},{"@type":"ListItem","position":4,"name":"Pregrado Diurno","item":"https:\/\/www.ingenieriaindustrial-usach.cl\/docencia-2\/programas-academicos\/pregrado-diurno\/"},{"@type":"ListItem","position":5,"name":"Ingenier\u00eda de Ejecuci\u00f3n Industrial"}]},{"@type":"WebSite","@id":"https:\/\/www.ingenieriaindustrial-usach.cl\/#website","url":"https:\/\/www.ingenieriaindustrial-usach.cl\/","name":"Departamento de Ingenier\u00eda Industrial Universidad de Santiago","description":"Otro sitio realizado con WordPress","publisher":{"@id":"https:\/\/www.ingenieriaindustrial-usach.cl\/#organization"},"potentialAction":[{"@type":"SearchAction","target":{"@type":"EntryPoint","urlTemplate":"https:\/\/www.ingenieriaindustrial-usach.cl\/?s={search_term_string}"},"query-input":"required name=search_term_string"}],"inLanguage":"en-US"},{"@type":"Organization","@id":"https:\/\/www.ingenieriaindustrial-usach.cl\/#organization","name":"Departamento de Ingenier\u00eda Industrial Universidad de Santiago","url":"https:\/\/www.ingenieriaindustrial-usach.cl\/","logo":{"@type":"ImageObject","inLanguage":"en-US","@id":"https:\/\/www.ingenieriaindustrial-usach.cl\/#\/schema\/logo\/image\/","url":"https:\/\/www.ingenieriaindustrial-usach.cl\/wp-content\/uploads\/2023\/11\/cropped-favicon_usach-01.png","contentUrl":"https:\/\/www.ingenieriaindustrial-usach.cl\/wp-content\/uploads\/2023\/11\/cropped-favicon_usach-01.png","width":512,"height":512,"caption":"Departamento de Ingenier\u00eda Industrial Universidad de Santiago"},"image":{"@id":"https:\/\/www.ingenieriaindustrial-usach.cl\/#\/schema\/logo\/image\/"},"sameAs":["https:\/\/web.facebook.com\/Depto.Ingenieria.industrial.UdeSantiagodeChile?_rdc=1&_rdr","https:\/\/www.linkedin.com\/in\/departamento-ingeniera-industrial-usach-94780711b\/","https:\/\/www.instagram.com\/ingenieria_industrial_usach\/"]}]}},"_links":{"self":[{"href":"https:\/\/www.ingenieriaindustrial-usach.cl\/en\/wp-json\/wp\/v2\/pages\/764"}],"collection":[{"href":"https:\/\/www.ingenieriaindustrial-usach.cl\/en\/wp-json\/wp\/v2\/pages"}],"about":[{"href":"https:\/\/www.ingenieriaindustrial-usach.cl\/en\/wp-json\/wp\/v2\/types\/page"}],"author":[{"embeddable":true,"href":"https:\/\/www.ingenieriaindustrial-usach.cl\/en\/wp-json\/wp\/v2\/users\/1"}],"replies":[{"embeddable":true,"href":"https:\/\/www.ingenieriaindustrial-usach.cl\/en\/wp-json\/wp\/v2\/comments?post=764"}],"version-history":[{"count":20,"href":"https:\/\/www.ingenieriaindustrial-usach.cl\/en\/wp-json\/wp\/v2\/pages\/764\/revisions"}],"predecessor-version":[{"id":21356,"href":"https:\/\/www.ingenieriaindustrial-usach.cl\/en\/wp-json\/wp\/v2\/pages\/764\/revisions\/21356"}],"up":[{"embeddable":true,"href":"https:\/\/www.ingenieriaindustrial-usach.cl\/en\/wp-json\/wp\/v2\/pages\/744"}],"wp:attachment":[{"href":"https:\/\/www.ingenieriaindustrial-usach.cl\/en\/wp-json\/wp\/v2\/media?parent=764"}],"curies":[{"name":"wp","href":"https:\/\/api.w.org\/{rel}","templated":true}]}}