{"id":761,"date":"2017-10-13T17:19:06","date_gmt":"2017-10-13T20:19:06","guid":{"rendered":"http:\/\/www.ingenieriaindustrial-usach.cl\/?page_id=761"},"modified":"2021-03-10T12:38:28","modified_gmt":"2021-03-10T15:38:28","slug":"ingenieria-civil-industrial","status":"publish","type":"page","link":"https:\/\/www.ingenieriaindustrial-usach.cl\/en\/docencia-2\/programas-academicos\/pregrado-diurno\/ingenieria-civil-industrial\/","title":{"rendered":"Ingenier\u00eda Civil Industrial"},"content":{"rendered":"<p>[vc_row section_top_margin=&#8221;doubletopmargin&#8221; section_bottom_margin=&#8221;nobottommargin&#8221; section_background=&#8221;color&#8221; background_color=&#8221;#ffffff&#8221; section_id=&#8221;cabecera-interior&#8221;][vc_column][vc_row_inner seqspeed=&#8221;150&#8243; el_class=&#8221;contenido&#8221;][vc_column_inner width=&#8221;1\/4&#8243;][vc_column_text el_class=&#8221;cabecera-seccion&#8221;]<\/p>\n<h2>Docencia<\/h2>\n<p>[\/vc_column_text][\/vc_column_inner][vc_column_inner width=&#8221;3\/4&#8243;][vc_column_text el_class=&#8221;breadcrumb-content&#8221;]<div class=\"breadcrumbs\" typeof=\"BreadcrumbList\" vocab=\"http:\/\/schema.org\/\">\r\n    \tUsted est\u00e1 en: <!-- Breadcrumb NavXT 7.3.1 -->\n<span property=\"itemListElement\" typeof=\"ListItem\"><a property=\"item\" typeof=\"WebPage\" title=\"Go to Departamento de Ingenier\u00eda Industrial Universidad de Santiago.\" href=\"https:\/\/www.ingenieriaindustrial-usach.cl\/en\" class=\"home\" aria-current=\"page\"><span property=\"name\">Departamento de Ingenier\u00eda Industrial Universidad de Santiago<\/span><\/a><meta property=\"position\" content=\"1\"><\/span><\/div>[\/vc_column_text][\/vc_column_inner][\/vc_row_inner][\/vc_column][\/vc_row][vc_row section_top_margin=&#8221;notopmargin&#8221; section_bottom_margin=&#8221;nobottommargin&#8221; section_background=&#8221;color&#8221; background_color=&#8221;#ffffff&#8221;][vc_column][vc_row_inner][vc_column_inner width=&#8221;1\/1&#8243;][vc_column_text]<\/p>\n<h3>Programas Acad\u00e9micos<\/h3>\n<h4>Ingenier\u00eda Civil Industrial<\/h4>\n<p>[\/vc_column_text][\/vc_column_inner][\/vc_row_inner][vc_row_inner][vc_column_inner width=&#8221;1\/6&#8243;][vc_single_image image=&#8221;808&#8243; img_size=&#8221;full&#8221; alignment=&#8221;center&#8221;][\/vc_column_inner][vc_column_inner width=&#8221;5\/12&#8243;][vc_column_text el_class=&#8221;descripcion-gral-carrera&#8221;]<\/p>\n<div class=\"field field-name-field-carrera-titulo-profesional field-type-text field-label-inline clearfix\">\n<div class=\"field-label\"><strong>T\u00edtulo profesional:<\/strong>\u00a0 Ingenier\u00eda Civil Industrial<\/div>\n<\/div>\n<div class=\"field field-name-field-carrera-grado-academico field-type-text field-label-inline clearfix\">\n<div class=\"field-label\"><strong>Grado acad\u00e9mico:\u00a0<\/strong> Licenciado en Ciencias de la Ingenier\u00eda<\/div>\n<\/div>\n<div class=\"field field-name-field-carrera-duracion field-type-text field-label-inline clearfix\">\n<div class=\"field-label\"><strong>Duraci\u00f3n:<\/strong> 11 semestres<\/div>\n<\/div>\n<div class=\"field field-name-field-carrera-telefono field-type-number-integer field-label-inline clearfix\">\n<div class=\"field-label\"><strong>Tel\u00e9fono:<\/strong>\u00a0(56-2) 2718 4109<\/div>\n<\/div>\n<p>[\/vc_column_text][\/vc_column_inner][vc_column_inner width=&#8221;5\/12&#8243;][vc_btn title=&#8221;Descargar Malla&#8221; style=&#8221;classic&#8221; shape=&#8221;square&#8221; color=&#8221;orange&#8221; size=&#8221;lg&#8221; align=&#8221;center&#8221; css_animation=&#8221;fadeInDown&#8221; button_block=&#8221;true&#8221; link=&#8221;url:http%3A%2F%2Fwww.ingenieriaindustrial-usach.cl%2Fwp-content%2Fuploads%2F2019%2F10%2FMalla-ICI-1.jpg||target:%20_blank|&#8221;][\/vc_column_inner][\/vc_row_inner][\/vc_column][\/vc_row][vc_row section_background=&#8221;color&#8221; background_color=&#8221;#ffffff&#8221;][vc_column][vc_tta_tabs][vc_tta_section title=&#8221;General&#8221; tab_id=&#8221;general76a8-58f2&#8243;][vc_column_text]<strong>Los postulantes a esta carrera deber\u00e1n poseer:<\/strong><\/p>\n<ul>\n<li>Un marcado inter\u00e9s por el trabajo anal\u00edtico.<\/li>\n<li>Gran capacidad de s\u00edntesis para la creaci\u00f3n de sistemas eficientes.<\/li>\n<li>Capacidad para ejercer liderazgo en equipos de trabajo multidisciplinarios.<\/li>\n<li>Gran inter\u00e9s por investigar, esp\u00edritu creativo y cr\u00edtico.<\/li>\n<li>Facilidad para relacionarse entre personas, y capacidad para enfrentar problemas de desarrollo.<\/li>\n<\/ul>\n<h4>Coordinadora Docente<\/h4>\n<p>Sra. Ester Silva Bucarei<br \/>\nEmail:\u00a0<a href=\"mailto:ester.silva@usach.cl\">ester.silva@usach.cl<\/a><br \/>\nFono:\u00a0(56-2) 27184103<\/p>\n<p><strong>Secretaria Docente<\/strong><\/p>\n<p>Srta. Denisse Hermosilla<br \/>\nE-mail:\u00a0<a href=\"mailto:denisse.hermosilla@usach.cl\">denisse.hermosilla@usach.cl<\/a><br \/>\nFono: (56-2) 718 4109[\/vc_column_text][\/vc_tta_section][vc_tta_section title=&#8221;Perfil de egreso&#8221; tab_id=&#8221;perfil-egresado76a8-58f2&#8243;][vc_column_text]El perfil de egreso de los ingenieros(as) civiles industriales est\u00e1 definido en base a los siguientes desempe\u00f1os integrales:<\/p>\n<p><strong>Desempe\u00f1os Integrales Comunes Carreras de Ingenier\u00eda Civil<\/strong><\/p>\n<p>Resolver problemas complejos desde la ingenier\u00eda, mediante soluciones integrales y de car\u00e1cter multidisciplinario, aplicando los conocimientos de ciencias b\u00e1sicas, humanas, y de ingenier\u00eda, desde una perspectiva sist\u00e9mica, con un enfoque innovador y orientado al emprendimiento.<\/p>\n<p>Dise\u00f1ar sistemas, componentes o procesos, considerando buenas pr\u00e1cticas, est\u00e1ndares y tecnolog\u00edas pertinentes, as\u00ed como variables econ\u00f3micas, ambientales, culturales y sociales.<\/p>\n<p>Formular, evaluar y gestionar proyectos del \u00e1mbito de la ingenier\u00eda, considerando equipos de trabajo, aspectos y contextos involucrados y los impactos de su quehacer profesional.<\/p>\n<p><strong>Desempe\u00f1os Integrales Espec\u00edficos de Ingenier\u00eda Civil Industrial<\/strong><\/p>\n<p>Dise\u00f1a estrategias organizacionales y soluciones en la concepci\u00f3n y evaluaci\u00f3n de procesos de producci\u00f3n de bienes y servicios de organizaciones p\u00fablicas y\/o privadas, con un enfoque hol\u00edstico, utilizando conocimientos y metodolog\u00edas de la gesti\u00f3n de operaciones y capital humano, tecnolog\u00edas de la informaci\u00f3n y las comunicaciones, finanzas, econom\u00eda y marketing.<\/p>\n<p>Gestiona la implementaci\u00f3n y operaci\u00f3n de sistemas de producci\u00f3n de bienes y servicios que respondan a las estrategias organizacionales, participando efectivamente en equipos de trabajo multidisciplinarios, estableciendo redes con el medio, tanto a nivel nacional como internacional e incorporando los avances tecnol\u00f3gicos, m\u00e9todos, t\u00e9cnicas y gesti\u00f3n de la informaci\u00f3n.<\/p>\n<p>Desarrolla iniciativas de innovaci\u00f3n y emprendimiento aplicando modelos, m\u00e9todos, procesos y estrategias que agreguen valor tanto al interior de una organizaci\u00f3n como en el ejercicio independiente de la profesi\u00f3n, haciendo uso de conocimiento disciplinar orientado a la creaci\u00f3n de valor en las organizaciones y la sociedad, considerando aspectos \u00e9ticos y de sostenibilidad.[\/vc_column_text][\/vc_tta_section][vc_tta_section title=&#8221;Campo Laboral&#8221; tab_id=&#8221;campo-laboral76a8-58f2&#8243;][vc_column_text]<strong>Campo Laboral<\/strong><\/p>\n<p>El Ingeniero Civil Industrial puede desempe\u00f1arse en los altos niveles de direcci\u00f3n de la organizaci\u00f3n, tales como Gerencias de \u00e1reas funcionales, entre las cuales destacan las de planificaci\u00f3n, producci\u00f3n, operaciones, finanzas, marketing, administraci\u00f3n, ventas, ingenier\u00eda, desarrollo, inform\u00e1tica, sistemas, organizaci\u00f3n y m\u00e9todos tanto en empresas industriales y de servicio.<\/p>\n<p>Realiza funciones de asesor\u00eda o apoyo a la gesti\u00f3n tales como an\u00e1lisis de sistemas, an\u00e1lisis de organizaci\u00f3n y m\u00e9todos, dise\u00f1o y control de gesti\u00f3n de organizaci\u00f3n, desarrollo de sistemas informativos de apoyo a decisiones, evaluaci\u00f3n t\u00e9cnica y econ\u00f3mica de proyectos de inversi\u00f3n, dise\u00f1o de sistemas operacionales y log\u00edsticos para la manufactura y los servicios.<\/p>\n<p>Como profesional independiente act\u00faa adem\u00e1s en calidad de consultor o asesor de empresas u organizaciones de diversa \u00edndole en las \u00e1reas mencionadas.<\/p>\n<p>La formaci\u00f3n profesional adem\u00e1s capacita a este ingeniero para emprender actividades empresariales propias en variados campos.[\/vc_column_text][\/vc_tta_section][\/vc_tta_tabs][\/vc_column][\/vc_row][vc_row section_top_margin=&#8221;tripletopmargin&#8221; section_bottom_margin=&#8221;triplebottommargin&#8221; section_schema=&#8221;light&#8221; section_background=&#8221;parallaxbg&#8221; parallax_enable_1=&#8221;yes&#8221; parallax_background_1=&#8221;center&#8221; parallax_cover_1=&#8221;yes&#8221; parallax_speed_1=&#8221;300&#8243; section_id=&#8221;mensaje&#8221; parallax_image_1=&#8221;77&#8243;][vc_column][vc_row_inner][vc_column_inner width=&#8221;3\/4&#8243;][\/vc_column_inner][vc_column_inner el_class=&#8221;frase-txt&#8221; width=&#8221;1\/4&#8243;][vc_column_text el_class=&#8221;slogan-frase&#8221;]<\/p>\n<h2 style=\"text-align: right;\">Tradici\u00f3n e<br \/>\nInnovaci\u00f3n<\/h2>\n<p>[\/vc_column_text][\/vc_column_inner][\/vc_row_inner][\/vc_column][\/vc_row]<\/p>","protected":false},"excerpt":{"rendered":"<p>[vc_row section_top_margin=&#8221;doubletopmargin&#8221; section_bottom_margin=&#8221;nobottommargin&#8221; section_background=&#8221;color&#8221; background_color=&#8221;#ffffff&#8221; section_id=&#8221;cabecera-interior&#8221;][vc_column][vc_row_inner seqspeed=&#8221;150&#8243; el_class=&#8221;contenido&#8221;][vc_column_inner width=&#8221;1\/4&#8243;][vc_column_text el_class=&#8221;cabecera-seccion&#8221;] Docencia [\/vc_column_text][\/vc_column_inner][vc_column_inner width=&#8221;3\/4&#8243;][vc_column_text el_class=&#8221;breadcrumb-content&#8221;][\/vc_column_text][\/vc_column_inner][\/vc_row_inner][\/vc_column][\/vc_row][vc_row section_top_margin=&#8221;notopmargin&#8221; section_bottom_margin=&#8221;nobottommargin&#8221; section_background=&#8221;color&#8221; background_color=&#8221;#ffffff&#8221;][vc_column][vc_row_inner][vc_column_inner width=&#8221;1\/1&#8243;][vc_column_text] Programas Acad\u00e9micos Ingenier\u00eda Civil Industrial [\/vc_column_text][\/vc_column_inner][\/vc_row_inner][vc_row_inner][vc_column_inner width=&#8221;1\/6&#8243;][vc_single_image image=&#8221;808&#8243; img_size=&#8221;full&#8221; alignment=&#8221;center&#8221;][\/vc_column_inner][vc_column_inner width=&#8221;5\/12&#8243;][vc_column_text el_class=&#8221;descripcion-gral-carrera&#8221;] T\u00edtulo profesional:\u00a0 Ingenier\u00eda Civil Industrial Grado acad\u00e9mico:\u00a0 Licenciado en Ciencias de la Ingenier\u00eda Duraci\u00f3n: 11 semestres Tel\u00e9fono:\u00a0(56-2) 2718 4109 &hellip; <a class=\"readmore\" href=\"https:\/\/www.ingenieriaindustrial-usach.cl\/en\/docencia-2\/programas-academicos\/pregrado-diurno\/ingenieria-civil-industrial\/\">Seguir Leyendo <span class=\"meta-nav\">&rarr;<\/span><\/a><\/p>\n","protected":false},"author":1,"featured_media":0,"parent":744,"menu_order":0,"comment_status":"closed","ping_status":"closed","template":"template\/template-landing-page-vc.php","meta":{"footnotes":"","_links_to":"","_links_to_target":""},"yoast_head":"<!-- This site is optimized with the Yoast SEO plugin v23.0 - https:\/\/yoast.com\/wordpress\/plugins\/seo\/ -->\n<title>Ingenier\u00eda Civil Industrial - Departamento de Ingenier\u00eda Industrial Universidad de Santiago<\/title>\n<meta name=\"robots\" content=\"index, follow, max-snippet:-1, max-image-preview:large, max-video-preview:-1\" \/>\n<link rel=\"canonical\" href=\"https:\/\/www.ingenieriaindustrial-usach.cl\/docencia-2\/programas-academicos\/pregrado-diurno\/ingenieria-civil-industrial\/\" \/>\n<meta property=\"og:locale\" content=\"en_US\" \/>\n<meta property=\"og:type\" content=\"article\" \/>\n<meta property=\"og:title\" content=\"Ingenier\u00eda Civil Industrial - Departamento de Ingenier\u00eda Industrial Universidad de Santiago\" \/>\n<meta property=\"og:description\" content=\"[vc_row section_top_margin=&#8221;doubletopmargin&#8221; section_bottom_margin=&#8221;nobottommargin&#8221; section_background=&#8221;color&#8221; background_color=&#8221;#ffffff&#8221; section_id=&#8221;cabecera-interior&#8221;][vc_column][vc_row_inner seqspeed=&#8221;150&#8243; el_class=&#8221;contenido&#8221;][vc_column_inner width=&#8221;1\/4&#8243;][vc_column_text el_class=&#8221;cabecera-seccion&#8221;] Docencia [\/vc_column_text][\/vc_column_inner][vc_column_inner width=&#8221;3\/4&#8243;][vc_column_text el_class=&#8221;breadcrumb-content&#8221;][\/vc_column_text][\/vc_column_inner][\/vc_row_inner][\/vc_column][\/vc_row][vc_row section_top_margin=&#8221;notopmargin&#8221; section_bottom_margin=&#8221;nobottommargin&#8221; section_background=&#8221;color&#8221; background_color=&#8221;#ffffff&#8221;][vc_column][vc_row_inner][vc_column_inner width=&#8221;1\/1&#8243;][vc_column_text] Programas Acad\u00e9micos Ingenier\u00eda Civil Industrial [\/vc_column_text][\/vc_column_inner][\/vc_row_inner][vc_row_inner][vc_column_inner width=&#8221;1\/6&#8243;][vc_single_image image=&#8221;808&#8243; img_size=&#8221;full&#8221; alignment=&#8221;center&#8221;][\/vc_column_inner][vc_column_inner width=&#8221;5\/12&#8243;][vc_column_text el_class=&#8221;descripcion-gral-carrera&#8221;] T\u00edtulo profesional:\u00a0 Ingenier\u00eda Civil Industrial Grado acad\u00e9mico:\u00a0 Licenciado en Ciencias de la Ingenier\u00eda Duraci\u00f3n: 11 semestres Tel\u00e9fono:\u00a0(56-2) 2718 4109 &hellip; Seguir Leyendo &rarr;\" \/>\n<meta property=\"og:url\" content=\"https:\/\/www.ingenieriaindustrial-usach.cl\/docencia-2\/programas-academicos\/pregrado-diurno\/ingenieria-civil-industrial\/\" \/>\n<meta property=\"og:site_name\" content=\"Departamento de Ingenier\u00eda Industrial Universidad de Santiago\" \/>\n<meta property=\"article:publisher\" content=\"https:\/\/web.facebook.com\/Depto.Ingenieria.industrial.UdeSantiagodeChile?_rdc=1&amp;_rdr\" \/>\n<meta property=\"article:modified_time\" content=\"2021-03-10T15:38:28+00:00\" \/>\n<meta name=\"twitter:card\" content=\"summary_large_image\" \/>\n<meta name=\"twitter:label1\" content=\"Est. reading time\" \/>\n\t<meta name=\"twitter:data1\" content=\"9 minutes\" \/>\n<script type=\"application\/ld+json\" class=\"yoast-schema-graph\">{\"@context\":\"https:\/\/schema.org\",\"@graph\":[{\"@type\":\"WebPage\",\"@id\":\"https:\/\/www.ingenieriaindustrial-usach.cl\/docencia-2\/programas-academicos\/pregrado-diurno\/ingenieria-civil-industrial\/\",\"url\":\"https:\/\/www.ingenieriaindustrial-usach.cl\/docencia-2\/programas-academicos\/pregrado-diurno\/ingenieria-civil-industrial\/\",\"name\":\"Ingenier\u00eda Civil Industrial - Departamento de Ingenier\u00eda Industrial Universidad de Santiago\",\"isPartOf\":{\"@id\":\"https:\/\/www.ingenieriaindustrial-usach.cl\/#website\"},\"datePublished\":\"2017-10-13T20:19:06+00:00\",\"dateModified\":\"2021-03-10T15:38:28+00:00\",\"breadcrumb\":{\"@id\":\"https:\/\/www.ingenieriaindustrial-usach.cl\/docencia-2\/programas-academicos\/pregrado-diurno\/ingenieria-civil-industrial\/#breadcrumb\"},\"inLanguage\":\"en-US\",\"potentialAction\":[{\"@type\":\"ReadAction\",\"target\":[\"https:\/\/www.ingenieriaindustrial-usach.cl\/docencia-2\/programas-academicos\/pregrado-diurno\/ingenieria-civil-industrial\/\"]}]},{\"@type\":\"BreadcrumbList\",\"@id\":\"https:\/\/www.ingenieriaindustrial-usach.cl\/docencia-2\/programas-academicos\/pregrado-diurno\/ingenieria-civil-industrial\/#breadcrumb\",\"itemListElement\":[{\"@type\":\"ListItem\",\"position\":1,\"name\":\"Portada\",\"item\":\"https:\/\/www.ingenieriaindustrial-usach.cl\/\"},{\"@type\":\"ListItem\",\"position\":2,\"name\":\"Docencia\",\"item\":\"https:\/\/www.ingenieriaindustrial-usach.cl\/docencia-dii\/\"},{\"@type\":\"ListItem\",\"position\":3,\"name\":\"Programas Acad\u00e9micos\",\"item\":\"https:\/\/ingenieriaindustrial-usach.cl\/admision\/\"},{\"@type\":\"ListItem\",\"position\":4,\"name\":\"Pregrado Diurno\",\"item\":\"https:\/\/www.ingenieriaindustrial-usach.cl\/docencia-2\/programas-academicos\/pregrado-diurno\/\"},{\"@type\":\"ListItem\",\"position\":5,\"name\":\"Ingenier\u00eda Civil Industrial\"}]},{\"@type\":\"WebSite\",\"@id\":\"https:\/\/www.ingenieriaindustrial-usach.cl\/#website\",\"url\":\"https:\/\/www.ingenieriaindustrial-usach.cl\/\",\"name\":\"Departamento de Ingenier\u00eda Industrial Universidad de Santiago\",\"description\":\"Otro sitio realizado con WordPress\",\"publisher\":{\"@id\":\"https:\/\/www.ingenieriaindustrial-usach.cl\/#organization\"},\"potentialAction\":[{\"@type\":\"SearchAction\",\"target\":{\"@type\":\"EntryPoint\",\"urlTemplate\":\"https:\/\/www.ingenieriaindustrial-usach.cl\/?s={search_term_string}\"},\"query-input\":\"required name=search_term_string\"}],\"inLanguage\":\"en-US\"},{\"@type\":\"Organization\",\"@id\":\"https:\/\/www.ingenieriaindustrial-usach.cl\/#organization\",\"name\":\"Departamento de Ingenier\u00eda Industrial Universidad de Santiago\",\"url\":\"https:\/\/www.ingenieriaindustrial-usach.cl\/\",\"logo\":{\"@type\":\"ImageObject\",\"inLanguage\":\"en-US\",\"@id\":\"https:\/\/www.ingenieriaindustrial-usach.cl\/#\/schema\/logo\/image\/\",\"url\":\"https:\/\/www.ingenieriaindustrial-usach.cl\/wp-content\/uploads\/2023\/11\/cropped-favicon_usach-01.png\",\"contentUrl\":\"https:\/\/www.ingenieriaindustrial-usach.cl\/wp-content\/uploads\/2023\/11\/cropped-favicon_usach-01.png\",\"width\":512,\"height\":512,\"caption\":\"Departamento de Ingenier\u00eda Industrial Universidad de Santiago\"},\"image\":{\"@id\":\"https:\/\/www.ingenieriaindustrial-usach.cl\/#\/schema\/logo\/image\/\"},\"sameAs\":[\"https:\/\/web.facebook.com\/Depto.Ingenieria.industrial.UdeSantiagodeChile?_rdc=1&_rdr\",\"https:\/\/www.linkedin.com\/in\/departamento-ingeniera-industrial-usach-94780711b\/\",\"https:\/\/www.instagram.com\/ingenieria_industrial_usach\/\"]}]}<\/script>\n<!-- \/ Yoast SEO plugin. -->","yoast_head_json":{"title":"Ingenier\u00eda Civil Industrial - Departamento de Ingenier\u00eda Industrial Universidad de Santiago","robots":{"index":"index","follow":"follow","max-snippet":"max-snippet:-1","max-image-preview":"max-image-preview:large","max-video-preview":"max-video-preview:-1"},"canonical":"https:\/\/www.ingenieriaindustrial-usach.cl\/docencia-2\/programas-academicos\/pregrado-diurno\/ingenieria-civil-industrial\/","og_locale":"en_US","og_type":"article","og_title":"Ingenier\u00eda Civil Industrial - Departamento de Ingenier\u00eda Industrial Universidad de Santiago","og_description":"[vc_row section_top_margin=&#8221;doubletopmargin&#8221; section_bottom_margin=&#8221;nobottommargin&#8221; section_background=&#8221;color&#8221; background_color=&#8221;#ffffff&#8221; section_id=&#8221;cabecera-interior&#8221;][vc_column][vc_row_inner seqspeed=&#8221;150&#8243; el_class=&#8221;contenido&#8221;][vc_column_inner width=&#8221;1\/4&#8243;][vc_column_text el_class=&#8221;cabecera-seccion&#8221;] Docencia [\/vc_column_text][\/vc_column_inner][vc_column_inner width=&#8221;3\/4&#8243;][vc_column_text el_class=&#8221;breadcrumb-content&#8221;][\/vc_column_text][\/vc_column_inner][\/vc_row_inner][\/vc_column][\/vc_row][vc_row section_top_margin=&#8221;notopmargin&#8221; section_bottom_margin=&#8221;nobottommargin&#8221; section_background=&#8221;color&#8221; background_color=&#8221;#ffffff&#8221;][vc_column][vc_row_inner][vc_column_inner width=&#8221;1\/1&#8243;][vc_column_text] Programas Acad\u00e9micos Ingenier\u00eda Civil Industrial [\/vc_column_text][\/vc_column_inner][\/vc_row_inner][vc_row_inner][vc_column_inner width=&#8221;1\/6&#8243;][vc_single_image image=&#8221;808&#8243; img_size=&#8221;full&#8221; alignment=&#8221;center&#8221;][\/vc_column_inner][vc_column_inner width=&#8221;5\/12&#8243;][vc_column_text el_class=&#8221;descripcion-gral-carrera&#8221;] T\u00edtulo profesional:\u00a0 Ingenier\u00eda Civil Industrial Grado acad\u00e9mico:\u00a0 Licenciado en Ciencias de la Ingenier\u00eda Duraci\u00f3n: 11 semestres Tel\u00e9fono:\u00a0(56-2) 2718 4109 &hellip; Seguir Leyendo &rarr;","og_url":"https:\/\/www.ingenieriaindustrial-usach.cl\/docencia-2\/programas-academicos\/pregrado-diurno\/ingenieria-civil-industrial\/","og_site_name":"Departamento de Ingenier\u00eda Industrial Universidad de Santiago","article_publisher":"https:\/\/web.facebook.com\/Depto.Ingenieria.industrial.UdeSantiagodeChile?_rdc=1&_rdr","article_modified_time":"2021-03-10T15:38:28+00:00","twitter_card":"summary_large_image","twitter_misc":{"Est. reading time":"9 minutes"},"schema":{"@context":"https:\/\/schema.org","@graph":[{"@type":"WebPage","@id":"https:\/\/www.ingenieriaindustrial-usach.cl\/docencia-2\/programas-academicos\/pregrado-diurno\/ingenieria-civil-industrial\/","url":"https:\/\/www.ingenieriaindustrial-usach.cl\/docencia-2\/programas-academicos\/pregrado-diurno\/ingenieria-civil-industrial\/","name":"Ingenier\u00eda Civil Industrial - Departamento de Ingenier\u00eda Industrial Universidad de Santiago","isPartOf":{"@id":"https:\/\/www.ingenieriaindustrial-usach.cl\/#website"},"datePublished":"2017-10-13T20:19:06+00:00","dateModified":"2021-03-10T15:38:28+00:00","breadcrumb":{"@id":"https:\/\/www.ingenieriaindustrial-usach.cl\/docencia-2\/programas-academicos\/pregrado-diurno\/ingenieria-civil-industrial\/#breadcrumb"},"inLanguage":"en-US","potentialAction":[{"@type":"ReadAction","target":["https:\/\/www.ingenieriaindustrial-usach.cl\/docencia-2\/programas-academicos\/pregrado-diurno\/ingenieria-civil-industrial\/"]}]},{"@type":"BreadcrumbList","@id":"https:\/\/www.ingenieriaindustrial-usach.cl\/docencia-2\/programas-academicos\/pregrado-diurno\/ingenieria-civil-industrial\/#breadcrumb","itemListElement":[{"@type":"ListItem","position":1,"name":"Portada","item":"https:\/\/www.ingenieriaindustrial-usach.cl\/"},{"@type":"ListItem","position":2,"name":"Docencia","item":"https:\/\/www.ingenieriaindustrial-usach.cl\/docencia-dii\/"},{"@type":"ListItem","position":3,"name":"Programas Acad\u00e9micos","item":"https:\/\/ingenieriaindustrial-usach.cl\/admision\/"},{"@type":"ListItem","position":4,"name":"Pregrado Diurno","item":"https:\/\/www.ingenieriaindustrial-usach.cl\/docencia-2\/programas-academicos\/pregrado-diurno\/"},{"@type":"ListItem","position":5,"name":"Ingenier\u00eda Civil Industrial"}]},{"@type":"WebSite","@id":"https:\/\/www.ingenieriaindustrial-usach.cl\/#website","url":"https:\/\/www.ingenieriaindustrial-usach.cl\/","name":"Departamento de Ingenier\u00eda Industrial Universidad de Santiago","description":"Otro sitio realizado con WordPress","publisher":{"@id":"https:\/\/www.ingenieriaindustrial-usach.cl\/#organization"},"potentialAction":[{"@type":"SearchAction","target":{"@type":"EntryPoint","urlTemplate":"https:\/\/www.ingenieriaindustrial-usach.cl\/?s={search_term_string}"},"query-input":"required name=search_term_string"}],"inLanguage":"en-US"},{"@type":"Organization","@id":"https:\/\/www.ingenieriaindustrial-usach.cl\/#organization","name":"Departamento de Ingenier\u00eda Industrial Universidad de Santiago","url":"https:\/\/www.ingenieriaindustrial-usach.cl\/","logo":{"@type":"ImageObject","inLanguage":"en-US","@id":"https:\/\/www.ingenieriaindustrial-usach.cl\/#\/schema\/logo\/image\/","url":"https:\/\/www.ingenieriaindustrial-usach.cl\/wp-content\/uploads\/2023\/11\/cropped-favicon_usach-01.png","contentUrl":"https:\/\/www.ingenieriaindustrial-usach.cl\/wp-content\/uploads\/2023\/11\/cropped-favicon_usach-01.png","width":512,"height":512,"caption":"Departamento de Ingenier\u00eda Industrial Universidad de Santiago"},"image":{"@id":"https:\/\/www.ingenieriaindustrial-usach.cl\/#\/schema\/logo\/image\/"},"sameAs":["https:\/\/web.facebook.com\/Depto.Ingenieria.industrial.UdeSantiagodeChile?_rdc=1&_rdr","https:\/\/www.linkedin.com\/in\/departamento-ingeniera-industrial-usach-94780711b\/","https:\/\/www.instagram.com\/ingenieria_industrial_usach\/"]}]}},"_links":{"self":[{"href":"https:\/\/www.ingenieriaindustrial-usach.cl\/en\/wp-json\/wp\/v2\/pages\/761"}],"collection":[{"href":"https:\/\/www.ingenieriaindustrial-usach.cl\/en\/wp-json\/wp\/v2\/pages"}],"about":[{"href":"https:\/\/www.ingenieriaindustrial-usach.cl\/en\/wp-json\/wp\/v2\/types\/page"}],"author":[{"embeddable":true,"href":"https:\/\/www.ingenieriaindustrial-usach.cl\/en\/wp-json\/wp\/v2\/users\/1"}],"replies":[{"embeddable":true,"href":"https:\/\/www.ingenieriaindustrial-usach.cl\/en\/wp-json\/wp\/v2\/comments?post=761"}],"version-history":[{"count":31,"href":"https:\/\/www.ingenieriaindustrial-usach.cl\/en\/wp-json\/wp\/v2\/pages\/761\/revisions"}],"predecessor-version":[{"id":6013,"href":"https:\/\/www.ingenieriaindustrial-usach.cl\/en\/wp-json\/wp\/v2\/pages\/761\/revisions\/6013"}],"up":[{"embeddable":true,"href":"https:\/\/www.ingenieriaindustrial-usach.cl\/en\/wp-json\/wp\/v2\/pages\/744"}],"wp:attachment":[{"href":"https:\/\/www.ingenieriaindustrial-usach.cl\/en\/wp-json\/wp\/v2\/media?parent=761"}],"curies":[{"name":"wp","href":"https:\/\/api.w.org\/{rel}","templated":true}]}}