{"id":759,"date":"2017-10-13T17:18:16","date_gmt":"2017-10-13T20:18:16","guid":{"rendered":"http:\/\/www.ingenieriaindustrial-usach.cl\/?page_id=759"},"modified":"2023-12-12T11:40:18","modified_gmt":"2023-12-12T14:40:18","slug":"normas-presentacion-trabajo-de-titulo","status":"publish","type":"page","link":"https:\/\/www.ingenieriaindustrial-usach.cl\/en\/docencia-2\/normas-presentacion-trabajo-de-titulo\/","title":{"rendered":"Normas presentaci\u00f3n Trabajo de T\u00edtulo"},"content":{"rendered":"<p>[vc_row section_top_margin=&#8221;doubletopmargin&#8221; section_bottom_margin=&#8221;nobottommargin&#8221; section_background=&#8221;color&#8221; background_color=&#8221;#ffffff&#8221; section_id=&#8221;cabecera-interior&#8221;][vc_column][vc_row_inner seqspeed=&#8221;150&#8243; el_class=&#8221;contenido&#8221;][vc_column_inner width=&#8221;1\/4&#8243;][vc_column_text el_class=&#8221;cabecera-seccion&#8221;]<\/p>\n<h2>Docencia<\/h2>\n<p>[\/vc_column_text][\/vc_column_inner][vc_column_inner width=&#8221;3\/4&#8243;][vc_column_text el_class=&#8221;breadcrumb-content&#8221;]<div class=\"breadcrumbs\" typeof=\"BreadcrumbList\" vocab=\"http:\/\/schema.org\/\">\r\n    \tUsted est\u00e1 en: <!-- Breadcrumb NavXT 7.3.1 -->\n<span property=\"itemListElement\" typeof=\"ListItem\"><a property=\"item\" typeof=\"WebPage\" title=\"Go to Departamento de Ingenier\u00eda Industrial Universidad de Santiago.\" href=\"https:\/\/www.ingenieriaindustrial-usach.cl\/en\" class=\"home\" aria-current=\"page\"><span property=\"name\">Departamento de Ingenier\u00eda Industrial Universidad de Santiago<\/span><\/a><meta property=\"position\" content=\"1\"><\/span><\/div>[\/vc_column_text][\/vc_column_inner][\/vc_row_inner][\/vc_column][\/vc_row][vc_row section_top_margin=&#8221;notopmargin&#8221; section_bottom_margin=&#8221;nobottommargin&#8221; section_background=&#8221;color&#8221; background_color=&#8221;#ffffff&#8221;][vc_column][vc_row_inner][vc_column_inner width=&#8221;3\/4&#8243;][vc_column_text]<\/p>\n<h3>Normas presentaci\u00f3n Trabajo de T\u00edtulo<\/h3>\n<p>El alumno (a) memorista, una vez que ha inscrito su tema de titulaci\u00f3n, tesis de Mag\u00edster o\u00a0Doctorado, solicitar\u00e1 en biblioteca las \u201cNormas para la Presentaci\u00f3n del Trabajo de\u00a0Titulaci\u00f3n\u201d.<\/p>\n<ul>\n<li>Para los efectos de la correcci\u00f3n y calificaci\u00f3n, por parte del Profesor (a) Gu\u00eda y Correctores,\u00a0el trabajo debe presentarse en baja calidad de impresi\u00f3n, sin colores, en 3 ejemplares,\u00a0que se entregar\u00e1n en Docencia.<\/li>\n<li>Para los efectos de la correcci\u00f3n del formato de la memoria por Biblioteca el alumno (a)\u00a0deber\u00e1 solicitar una hora en Biblioteca para la revisi\u00f3n presencial de este. \u00a0Se debe\u00a0traer la Tesis en un pendrive en formato Word con la tabla din\u00e1mica activa.<\/li>\n<\/ul>\n<p>[\/vc_column_text][vc_btn title=&#8221;NORMAS PRESENTACI\u00d3N TRABAJO DE TITULACI\u00d3N&#8221; style=&#8221;flat&#8221; shape=&#8221;square&#8221; color=&#8221;warning&#8221; size=&#8221;sm&#8221; link=&#8221;url:http%3A%2F%2Fwww.ingenieriaindustrial-usach.cl%2Fwp-content%2Fuploads%2F2022%2F01%2FNormas-Modificadas-2021.pdf||target:%20_blank|&#8221;][vc_empty_space height=&#8221;300px&#8221;][\/vc_column_inner][vc_column_inner el_class=&#8221;contacto-fondo-gris-claro menu-docencia-container&#8221; width=&#8221;1\/4&#8243;][vc_widget_sidebar sidebar_id=&#8221;Docencia&#8221;][\/vc_column_inner][\/vc_row_inner][\/vc_column][\/vc_row][vc_row section_top_margin=&#8221;tripletopmargin&#8221; section_bottom_margin=&#8221;triplebottommargin&#8221; section_schema=&#8221;light&#8221; section_background=&#8221;parallaxbg&#8221; parallax_enable_1=&#8221;yes&#8221; parallax_background_1=&#8221;center&#8221; parallax_cover_1=&#8221;yes&#8221; parallax_speed_1=&#8221;300&#8243; section_id=&#8221;mensaje&#8221; parallax_image_1=&#8221;77&#8243;][vc_column][vc_row_inner][vc_column_inner width=&#8221;3\/4&#8243;][\/vc_column_inner][vc_column_inner el_class=&#8221;frase-txt&#8221; width=&#8221;1\/4&#8243;][vc_column_text el_class=&#8221;slogan-frase&#8221;]<\/p>\n<h2 style=\"text-align: right;\">Tradici\u00f3n e<br \/>\nInnovaci\u00f3n<\/h2>\n<p>[\/vc_column_text][\/vc_column_inner][\/vc_row_inner][\/vc_column][\/vc_row]<\/p>","protected":false},"excerpt":{"rendered":"<p>[vc_row section_top_margin=&#8221;doubletopmargin&#8221; section_bottom_margin=&#8221;nobottommargin&#8221; section_background=&#8221;color&#8221; background_color=&#8221;#ffffff&#8221; section_id=&#8221;cabecera-interior&#8221;][vc_column][vc_row_inner seqspeed=&#8221;150&#8243; el_class=&#8221;contenido&#8221;][vc_column_inner width=&#8221;1\/4&#8243;][vc_column_text el_class=&#8221;cabecera-seccion&#8221;] Docencia [\/vc_column_text][\/vc_column_inner][vc_column_inner width=&#8221;3\/4&#8243;][vc_column_text el_class=&#8221;breadcrumb-content&#8221;][\/vc_column_text][\/vc_column_inner][\/vc_row_inner][\/vc_column][\/vc_row][vc_row section_top_margin=&#8221;notopmargin&#8221; section_bottom_margin=&#8221;nobottommargin&#8221; section_background=&#8221;color&#8221; background_color=&#8221;#ffffff&#8221;][vc_column][vc_row_inner][vc_column_inner width=&#8221;3\/4&#8243;][vc_column_text] Normas presentaci\u00f3n Trabajo de T\u00edtulo El alumno (a) memorista, una vez que ha inscrito su tema de titulaci\u00f3n, tesis de Mag\u00edster o\u00a0Doctorado, solicitar\u00e1 en biblioteca las \u201cNormas para la Presentaci\u00f3n del &hellip; <a class=\"readmore\" href=\"https:\/\/www.ingenieriaindustrial-usach.cl\/en\/docencia-2\/normas-presentacion-trabajo-de-titulo\/\">Seguir Leyendo <span class=\"meta-nav\">&rarr;<\/span><\/a><\/p>\n","protected":false},"author":1,"featured_media":0,"parent":117,"menu_order":0,"comment_status":"closed","ping_status":"closed","template":"template\/template-landing-page-vc.php","meta":{"footnotes":"","_links_to":"","_links_to_target":""},"yoast_head":"<!-- This site is optimized with the Yoast SEO plugin v23.0 - https:\/\/yoast.com\/wordpress\/plugins\/seo\/ -->\n<title>Normas presentaci\u00f3n Trabajo de T\u00edtulo - Departamento de Ingenier\u00eda Industrial Universidad de Santiago<\/title>\n<meta name=\"robots\" content=\"index, follow, max-snippet:-1, max-image-preview:large, max-video-preview:-1\" \/>\n<link rel=\"canonical\" href=\"https:\/\/www.ingenieriaindustrial-usach.cl\/docencia-2\/normas-presentacion-trabajo-de-titulo\/\" \/>\n<meta property=\"og:locale\" content=\"en_US\" \/>\n<meta property=\"og:type\" content=\"article\" \/>\n<meta property=\"og:title\" content=\"Normas presentaci\u00f3n Trabajo de T\u00edtulo - Departamento de Ingenier\u00eda Industrial Universidad de Santiago\" \/>\n<meta property=\"og:description\" content=\"[vc_row section_top_margin=&#8221;doubletopmargin&#8221; section_bottom_margin=&#8221;nobottommargin&#8221; section_background=&#8221;color&#8221; background_color=&#8221;#ffffff&#8221; section_id=&#8221;cabecera-interior&#8221;][vc_column][vc_row_inner seqspeed=&#8221;150&#8243; el_class=&#8221;contenido&#8221;][vc_column_inner width=&#8221;1\/4&#8243;][vc_column_text el_class=&#8221;cabecera-seccion&#8221;] Docencia [\/vc_column_text][\/vc_column_inner][vc_column_inner width=&#8221;3\/4&#8243;][vc_column_text el_class=&#8221;breadcrumb-content&#8221;][\/vc_column_text][\/vc_column_inner][\/vc_row_inner][\/vc_column][\/vc_row][vc_row section_top_margin=&#8221;notopmargin&#8221; section_bottom_margin=&#8221;nobottommargin&#8221; section_background=&#8221;color&#8221; background_color=&#8221;#ffffff&#8221;][vc_column][vc_row_inner][vc_column_inner width=&#8221;3\/4&#8243;][vc_column_text] Normas presentaci\u00f3n Trabajo de T\u00edtulo El alumno (a) memorista, una vez que ha inscrito su tema de titulaci\u00f3n, tesis de Mag\u00edster o\u00a0Doctorado, solicitar\u00e1 en biblioteca las \u201cNormas para la Presentaci\u00f3n del &hellip; Seguir Leyendo &rarr;\" \/>\n<meta property=\"og:url\" content=\"https:\/\/www.ingenieriaindustrial-usach.cl\/docencia-2\/normas-presentacion-trabajo-de-titulo\/\" \/>\n<meta property=\"og:site_name\" content=\"Departamento de Ingenier\u00eda Industrial Universidad de Santiago\" \/>\n<meta property=\"article:publisher\" content=\"https:\/\/web.facebook.com\/Depto.Ingenieria.industrial.UdeSantiagodeChile?_rdc=1&amp;_rdr\" \/>\n<meta property=\"article:modified_time\" content=\"2023-12-12T14:40:18+00:00\" \/>\n<meta name=\"twitter:card\" content=\"summary_large_image\" \/>\n<meta name=\"twitter:label1\" content=\"Est. reading time\" \/>\n\t<meta name=\"twitter:data1\" content=\"1 minute\" \/>\n<script type=\"application\/ld+json\" class=\"yoast-schema-graph\">{\"@context\":\"https:\/\/schema.org\",\"@graph\":[{\"@type\":\"WebPage\",\"@id\":\"https:\/\/www.ingenieriaindustrial-usach.cl\/docencia-2\/normas-presentacion-trabajo-de-titulo\/\",\"url\":\"https:\/\/www.ingenieriaindustrial-usach.cl\/docencia-2\/normas-presentacion-trabajo-de-titulo\/\",\"name\":\"Normas presentaci\u00f3n Trabajo de T\u00edtulo - Departamento de Ingenier\u00eda Industrial Universidad de Santiago\",\"isPartOf\":{\"@id\":\"https:\/\/www.ingenieriaindustrial-usach.cl\/#website\"},\"datePublished\":\"2017-10-13T20:18:16+00:00\",\"dateModified\":\"2023-12-12T14:40:18+00:00\",\"breadcrumb\":{\"@id\":\"https:\/\/www.ingenieriaindustrial-usach.cl\/docencia-2\/normas-presentacion-trabajo-de-titulo\/#breadcrumb\"},\"inLanguage\":\"en-US\",\"potentialAction\":[{\"@type\":\"ReadAction\",\"target\":[\"https:\/\/www.ingenieriaindustrial-usach.cl\/docencia-2\/normas-presentacion-trabajo-de-titulo\/\"]}]},{\"@type\":\"BreadcrumbList\",\"@id\":\"https:\/\/www.ingenieriaindustrial-usach.cl\/docencia-2\/normas-presentacion-trabajo-de-titulo\/#breadcrumb\",\"itemListElement\":[{\"@type\":\"ListItem\",\"position\":1,\"name\":\"Portada\",\"item\":\"https:\/\/www.ingenieriaindustrial-usach.cl\/\"},{\"@type\":\"ListItem\",\"position\":2,\"name\":\"Docencia\",\"item\":\"https:\/\/www.ingenieriaindustrial-usach.cl\/docencia-dii\/\"},{\"@type\":\"ListItem\",\"position\":3,\"name\":\"Normas presentaci\u00f3n Trabajo de T\u00edtulo\"}]},{\"@type\":\"WebSite\",\"@id\":\"https:\/\/www.ingenieriaindustrial-usach.cl\/#website\",\"url\":\"https:\/\/www.ingenieriaindustrial-usach.cl\/\",\"name\":\"Departamento de Ingenier\u00eda Industrial Universidad de Santiago\",\"description\":\"Otro sitio realizado con WordPress\",\"publisher\":{\"@id\":\"https:\/\/www.ingenieriaindustrial-usach.cl\/#organization\"},\"potentialAction\":[{\"@type\":\"SearchAction\",\"target\":{\"@type\":\"EntryPoint\",\"urlTemplate\":\"https:\/\/www.ingenieriaindustrial-usach.cl\/?s={search_term_string}\"},\"query-input\":\"required name=search_term_string\"}],\"inLanguage\":\"en-US\"},{\"@type\":\"Organization\",\"@id\":\"https:\/\/www.ingenieriaindustrial-usach.cl\/#organization\",\"name\":\"Departamento de Ingenier\u00eda Industrial Universidad de Santiago\",\"url\":\"https:\/\/www.ingenieriaindustrial-usach.cl\/\",\"logo\":{\"@type\":\"ImageObject\",\"inLanguage\":\"en-US\",\"@id\":\"https:\/\/www.ingenieriaindustrial-usach.cl\/#\/schema\/logo\/image\/\",\"url\":\"https:\/\/www.ingenieriaindustrial-usach.cl\/wp-content\/uploads\/2023\/11\/cropped-favicon_usach-01.png\",\"contentUrl\":\"https:\/\/www.ingenieriaindustrial-usach.cl\/wp-content\/uploads\/2023\/11\/cropped-favicon_usach-01.png\",\"width\":512,\"height\":512,\"caption\":\"Departamento de Ingenier\u00eda Industrial Universidad de Santiago\"},\"image\":{\"@id\":\"https:\/\/www.ingenieriaindustrial-usach.cl\/#\/schema\/logo\/image\/\"},\"sameAs\":[\"https:\/\/web.facebook.com\/Depto.Ingenieria.industrial.UdeSantiagodeChile?_rdc=1&_rdr\",\"https:\/\/www.linkedin.com\/in\/departamento-ingeniera-industrial-usach-94780711b\/\",\"https:\/\/www.instagram.com\/ingenieria_industrial_usach\/\"]}]}<\/script>\n<!-- \/ Yoast SEO plugin. -->","yoast_head_json":{"title":"Normas presentaci\u00f3n Trabajo de T\u00edtulo - Departamento de Ingenier\u00eda Industrial Universidad de Santiago","robots":{"index":"index","follow":"follow","max-snippet":"max-snippet:-1","max-image-preview":"max-image-preview:large","max-video-preview":"max-video-preview:-1"},"canonical":"https:\/\/www.ingenieriaindustrial-usach.cl\/docencia-2\/normas-presentacion-trabajo-de-titulo\/","og_locale":"en_US","og_type":"article","og_title":"Normas presentaci\u00f3n Trabajo de T\u00edtulo - Departamento de Ingenier\u00eda Industrial Universidad de Santiago","og_description":"[vc_row section_top_margin=&#8221;doubletopmargin&#8221; section_bottom_margin=&#8221;nobottommargin&#8221; section_background=&#8221;color&#8221; background_color=&#8221;#ffffff&#8221; section_id=&#8221;cabecera-interior&#8221;][vc_column][vc_row_inner seqspeed=&#8221;150&#8243; el_class=&#8221;contenido&#8221;][vc_column_inner width=&#8221;1\/4&#8243;][vc_column_text el_class=&#8221;cabecera-seccion&#8221;] Docencia [\/vc_column_text][\/vc_column_inner][vc_column_inner width=&#8221;3\/4&#8243;][vc_column_text el_class=&#8221;breadcrumb-content&#8221;][\/vc_column_text][\/vc_column_inner][\/vc_row_inner][\/vc_column][\/vc_row][vc_row section_top_margin=&#8221;notopmargin&#8221; section_bottom_margin=&#8221;nobottommargin&#8221; section_background=&#8221;color&#8221; background_color=&#8221;#ffffff&#8221;][vc_column][vc_row_inner][vc_column_inner width=&#8221;3\/4&#8243;][vc_column_text] Normas presentaci\u00f3n Trabajo de T\u00edtulo El alumno (a) memorista, una vez que ha inscrito su tema de titulaci\u00f3n, tesis de Mag\u00edster o\u00a0Doctorado, solicitar\u00e1 en biblioteca las \u201cNormas para la Presentaci\u00f3n del &hellip; Seguir Leyendo &rarr;","og_url":"https:\/\/www.ingenieriaindustrial-usach.cl\/docencia-2\/normas-presentacion-trabajo-de-titulo\/","og_site_name":"Departamento de Ingenier\u00eda Industrial Universidad de Santiago","article_publisher":"https:\/\/web.facebook.com\/Depto.Ingenieria.industrial.UdeSantiagodeChile?_rdc=1&_rdr","article_modified_time":"2023-12-12T14:40:18+00:00","twitter_card":"summary_large_image","twitter_misc":{"Est. reading time":"1 minute"},"schema":{"@context":"https:\/\/schema.org","@graph":[{"@type":"WebPage","@id":"https:\/\/www.ingenieriaindustrial-usach.cl\/docencia-2\/normas-presentacion-trabajo-de-titulo\/","url":"https:\/\/www.ingenieriaindustrial-usach.cl\/docencia-2\/normas-presentacion-trabajo-de-titulo\/","name":"Normas presentaci\u00f3n Trabajo de T\u00edtulo - Departamento de Ingenier\u00eda Industrial Universidad de Santiago","isPartOf":{"@id":"https:\/\/www.ingenieriaindustrial-usach.cl\/#website"},"datePublished":"2017-10-13T20:18:16+00:00","dateModified":"2023-12-12T14:40:18+00:00","breadcrumb":{"@id":"https:\/\/www.ingenieriaindustrial-usach.cl\/docencia-2\/normas-presentacion-trabajo-de-titulo\/#breadcrumb"},"inLanguage":"en-US","potentialAction":[{"@type":"ReadAction","target":["https:\/\/www.ingenieriaindustrial-usach.cl\/docencia-2\/normas-presentacion-trabajo-de-titulo\/"]}]},{"@type":"BreadcrumbList","@id":"https:\/\/www.ingenieriaindustrial-usach.cl\/docencia-2\/normas-presentacion-trabajo-de-titulo\/#breadcrumb","itemListElement":[{"@type":"ListItem","position":1,"name":"Portada","item":"https:\/\/www.ingenieriaindustrial-usach.cl\/"},{"@type":"ListItem","position":2,"name":"Docencia","item":"https:\/\/www.ingenieriaindustrial-usach.cl\/docencia-dii\/"},{"@type":"ListItem","position":3,"name":"Normas presentaci\u00f3n Trabajo de T\u00edtulo"}]},{"@type":"WebSite","@id":"https:\/\/www.ingenieriaindustrial-usach.cl\/#website","url":"https:\/\/www.ingenieriaindustrial-usach.cl\/","name":"Departamento de Ingenier\u00eda Industrial Universidad de Santiago","description":"Otro sitio realizado con WordPress","publisher":{"@id":"https:\/\/www.ingenieriaindustrial-usach.cl\/#organization"},"potentialAction":[{"@type":"SearchAction","target":{"@type":"EntryPoint","urlTemplate":"https:\/\/www.ingenieriaindustrial-usach.cl\/?s={search_term_string}"},"query-input":"required name=search_term_string"}],"inLanguage":"en-US"},{"@type":"Organization","@id":"https:\/\/www.ingenieriaindustrial-usach.cl\/#organization","name":"Departamento de Ingenier\u00eda Industrial Universidad de Santiago","url":"https:\/\/www.ingenieriaindustrial-usach.cl\/","logo":{"@type":"ImageObject","inLanguage":"en-US","@id":"https:\/\/www.ingenieriaindustrial-usach.cl\/#\/schema\/logo\/image\/","url":"https:\/\/www.ingenieriaindustrial-usach.cl\/wp-content\/uploads\/2023\/11\/cropped-favicon_usach-01.png","contentUrl":"https:\/\/www.ingenieriaindustrial-usach.cl\/wp-content\/uploads\/2023\/11\/cropped-favicon_usach-01.png","width":512,"height":512,"caption":"Departamento de Ingenier\u00eda Industrial Universidad de Santiago"},"image":{"@id":"https:\/\/www.ingenieriaindustrial-usach.cl\/#\/schema\/logo\/image\/"},"sameAs":["https:\/\/web.facebook.com\/Depto.Ingenieria.industrial.UdeSantiagodeChile?_rdc=1&_rdr","https:\/\/www.linkedin.com\/in\/departamento-ingeniera-industrial-usach-94780711b\/","https:\/\/www.instagram.com\/ingenieria_industrial_usach\/"]}]}},"_links":{"self":[{"href":"https:\/\/www.ingenieriaindustrial-usach.cl\/en\/wp-json\/wp\/v2\/pages\/759"}],"collection":[{"href":"https:\/\/www.ingenieriaindustrial-usach.cl\/en\/wp-json\/wp\/v2\/pages"}],"about":[{"href":"https:\/\/www.ingenieriaindustrial-usach.cl\/en\/wp-json\/wp\/v2\/types\/page"}],"author":[{"embeddable":true,"href":"https:\/\/www.ingenieriaindustrial-usach.cl\/en\/wp-json\/wp\/v2\/users\/1"}],"replies":[{"embeddable":true,"href":"https:\/\/www.ingenieriaindustrial-usach.cl\/en\/wp-json\/wp\/v2\/comments?post=759"}],"version-history":[{"count":21,"href":"https:\/\/www.ingenieriaindustrial-usach.cl\/en\/wp-json\/wp\/v2\/pages\/759\/revisions"}],"predecessor-version":[{"id":10784,"href":"https:\/\/www.ingenieriaindustrial-usach.cl\/en\/wp-json\/wp\/v2\/pages\/759\/revisions\/10784"}],"up":[{"embeddable":true,"href":"https:\/\/www.ingenieriaindustrial-usach.cl\/en\/wp-json\/wp\/v2\/pages\/117"}],"wp:attachment":[{"href":"https:\/\/www.ingenieriaindustrial-usach.cl\/en\/wp-json\/wp\/v2\/media?parent=759"}],"curies":[{"name":"wp","href":"https:\/\/api.w.org\/{rel}","templated":true}]}}