{"id":245,"date":"2017-09-24T23:51:50","date_gmt":"2017-09-25T02:51:50","guid":{"rendered":"http:\/\/www.ingenieriaindustrial-usach.cl\/?page_id=245"},"modified":"2022-11-22T16:29:55","modified_gmt":"2022-11-22T19:29:55","slug":"infraestructura","status":"publish","type":"page","link":"https:\/\/www.ingenieriaindustrial-usach.cl\/en\/departamento\/infraestructura\/","title":{"rendered":"Infraestructura"},"content":{"rendered":"<p>[vc_row section_top_margin=&#8221;doubletopmargin&#8221; section_bottom_margin=&#8221;nobottommargin&#8221; section_background=&#8221;color&#8221; background_color=&#8221;#ffffff&#8221; section_id=&#8221;cabecera-interior&#8221;][vc_column][vc_row_inner seqspeed=&#8221;150&#8243; el_class=&#8221;contenido&#8221;][vc_column_inner width=&#8221;1\/4&#8243;][vc_column_text el_class=&#8221;cabecera-seccion&#8221;]<\/p>\n<h2>Departamento<\/h2>\n<p>[\/vc_column_text][\/vc_column_inner][vc_column_inner width=&#8221;3\/4&#8243;][vc_column_text el_class=&#8221;breadcrumb-content&#8221;]<div class=\"breadcrumbs\" typeof=\"BreadcrumbList\" vocab=\"http:\/\/schema.org\/\">\r\n    \tUsted est\u00e1 en: <!-- Breadcrumb NavXT 7.3.1 -->\n<span property=\"itemListElement\" typeof=\"ListItem\"><a property=\"item\" typeof=\"WebPage\" title=\"Go to Departamento de Ingenier\u00eda Industrial Universidad de Santiago.\" href=\"https:\/\/www.ingenieriaindustrial-usach.cl\/en\" class=\"home\" aria-current=\"page\"><span property=\"name\">Departamento de Ingenier\u00eda Industrial Universidad de Santiago<\/span><\/a><meta property=\"position\" content=\"1\"><\/span><\/div>[\/vc_column_text][\/vc_column_inner][\/vc_row_inner][\/vc_column][\/vc_row][vc_row section_top_margin=&#8221;notopmargin&#8221; section_bottom_margin=&#8221;nobottommargin&#8221; section_background=&#8221;color&#8221; background_color=&#8221;#ffffff&#8221;][vc_column][vc_row_inner][vc_column_inner width=&#8221;3\/4&#8243;][vc_column_text]<\/p>\n<h3>Infraestructura<\/h3>\n<p>El Departamento de Ingenier\u00eda Industrial cuenta con un edificio de cinco niveles, con cerca de 2.500 metros cuadrados construidos.\u00a0 Un moderno edificio de hormig\u00f3n armado a la vista, posee amplios vidriados que\u00a0 permiten aprovechar la luz natural y un dise\u00f1o funcional, con toda la tecnolog\u00eda de apoyo necesaria para brindar a sus estudiantes, acad\u00e9micos y funcionarios las mejores condiciones ambientales.<\/p>\n<p>El Departamento consta de Biblioteca, salas de estudio, oficinas de coordinaci\u00f3n y atenci\u00f3n a los alumnos, laboratorios de computaci\u00f3n, auditorio y oficinas de acad\u00e9micos.<\/p>\n<h3>Laboratorios de computaci\u00f3n<\/h3>\n<p>El Departamento de Ingenier\u00eda Industrial cuenta con 8 laboratorios con m\u00e1s de 200 computadores, disponibles para nuestros alumnos de pre y post grados.<\/p>\n<p>[\/vc_column_text][vc_empty_space height=&#8221;22px&#8221;][vc_gallery type=&#8221;flexslider_slide&#8221; interval=&#8221;3&#8243; images=&#8221;277,278,279,280,281,282,283,284,285,2023,2024,2025,2026,2027,2028,2029,2030,2031,2032,2033,2034,2035,2036,2037,2038,2039,2040,2041&#8243; img_size=&#8221;full&#8221;][vc_empty_space height=&#8221;42px&#8221;][\/vc_column_inner][vc_column_inner el_class=&#8221;contacto-fondo-gris-claro&#8221; width=&#8221;1\/4&#8243;][vc_widget_sidebar sidebar_id=&#8221;Departamento&#8221;][\/vc_column_inner][\/vc_row_inner][\/vc_column][\/vc_row][vc_row section_top_margin=&#8221;tripletopmargin&#8221; section_bottom_margin=&#8221;triplebottommargin&#8221; section_schema=&#8221;light&#8221; section_background=&#8221;parallaxbg&#8221; parallax_enable_1=&#8221;yes&#8221; parallax_background_1=&#8221;center&#8221; parallax_cover_1=&#8221;yes&#8221; parallax_speed_1=&#8221;300&#8243; section_id=&#8221;mensaje&#8221; parallax_image_1=&#8221;77&#8243;][vc_column][vc_row_inner][vc_column_inner width=&#8221;3\/4&#8243;][\/vc_column_inner][vc_column_inner el_class=&#8221;frase-txt&#8221; width=&#8221;1\/4&#8243;][vc_column_text el_class=&#8221;slogan-frase&#8221;]<\/p>\n<h2 style=\"text-align: right;\">Tradici\u00f3n e<br \/>\nInnovaci\u00f3n<\/h2>\n<p>[\/vc_column_text][\/vc_column_inner][\/vc_row_inner][\/vc_column][\/vc_row]<\/p>","protected":false},"excerpt":{"rendered":"<p>[vc_row section_top_margin=&#8221;doubletopmargin&#8221; section_bottom_margin=&#8221;nobottommargin&#8221; section_background=&#8221;color&#8221; background_color=&#8221;#ffffff&#8221; section_id=&#8221;cabecera-interior&#8221;][vc_column][vc_row_inner seqspeed=&#8221;150&#8243; el_class=&#8221;contenido&#8221;][vc_column_inner width=&#8221;1\/4&#8243;][vc_column_text el_class=&#8221;cabecera-seccion&#8221;] Departamento [\/vc_column_text][\/vc_column_inner][vc_column_inner width=&#8221;3\/4&#8243;][vc_column_text el_class=&#8221;breadcrumb-content&#8221;][\/vc_column_text][\/vc_column_inner][\/vc_row_inner][\/vc_column][\/vc_row][vc_row section_top_margin=&#8221;notopmargin&#8221; section_bottom_margin=&#8221;nobottommargin&#8221; section_background=&#8221;color&#8221; background_color=&#8221;#ffffff&#8221;][vc_column][vc_row_inner][vc_column_inner width=&#8221;3\/4&#8243;][vc_column_text] Infraestructura El Departamento de Ingenier\u00eda Industrial cuenta con un edificio de cinco niveles, con cerca de 2.500 metros cuadrados construidos.\u00a0 Un moderno edificio de hormig\u00f3n armado a la vista, posee amplios &hellip; <a class=\"readmore\" href=\"https:\/\/www.ingenieriaindustrial-usach.cl\/en\/departamento\/infraestructura\/\">Seguir Leyendo <span class=\"meta-nav\">&rarr;<\/span><\/a><\/p>\n","protected":false},"author":1,"featured_media":0,"parent":123,"menu_order":0,"comment_status":"closed","ping_status":"closed","template":"template\/template-landing-page-vc.php","meta":{"footnotes":"","_links_to":"","_links_to_target":""},"yoast_head":"<!-- This site is optimized with the Yoast SEO plugin v23.0 - https:\/\/yoast.com\/wordpress\/plugins\/seo\/ -->\n<title>Infraestructura - Departamento de Ingenier\u00eda Industrial Universidad de Santiago<\/title>\n<meta name=\"robots\" content=\"index, follow, max-snippet:-1, max-image-preview:large, max-video-preview:-1\" \/>\n<link rel=\"canonical\" href=\"https:\/\/www.ingenieriaindustrial-usach.cl\/departamento\/infraestructura\/\" \/>\n<meta property=\"og:locale\" content=\"en_US\" \/>\n<meta property=\"og:type\" content=\"article\" \/>\n<meta property=\"og:title\" content=\"Infraestructura - Departamento de Ingenier\u00eda Industrial Universidad de Santiago\" \/>\n<meta property=\"og:description\" content=\"[vc_row section_top_margin=&#8221;doubletopmargin&#8221; section_bottom_margin=&#8221;nobottommargin&#8221; section_background=&#8221;color&#8221; background_color=&#8221;#ffffff&#8221; section_id=&#8221;cabecera-interior&#8221;][vc_column][vc_row_inner seqspeed=&#8221;150&#8243; el_class=&#8221;contenido&#8221;][vc_column_inner width=&#8221;1\/4&#8243;][vc_column_text el_class=&#8221;cabecera-seccion&#8221;] Departamento [\/vc_column_text][\/vc_column_inner][vc_column_inner width=&#8221;3\/4&#8243;][vc_column_text el_class=&#8221;breadcrumb-content&#8221;][\/vc_column_text][\/vc_column_inner][\/vc_row_inner][\/vc_column][\/vc_row][vc_row section_top_margin=&#8221;notopmargin&#8221; section_bottom_margin=&#8221;nobottommargin&#8221; section_background=&#8221;color&#8221; background_color=&#8221;#ffffff&#8221;][vc_column][vc_row_inner][vc_column_inner width=&#8221;3\/4&#8243;][vc_column_text] Infraestructura El Departamento de Ingenier\u00eda Industrial cuenta con un edificio de cinco niveles, con cerca de 2.500 metros cuadrados construidos.\u00a0 Un moderno edificio de hormig\u00f3n armado a la vista, posee amplios &hellip; Seguir Leyendo &rarr;\" \/>\n<meta property=\"og:url\" content=\"https:\/\/www.ingenieriaindustrial-usach.cl\/departamento\/infraestructura\/\" \/>\n<meta property=\"og:site_name\" content=\"Departamento de Ingenier\u00eda Industrial Universidad de Santiago\" \/>\n<meta property=\"article:publisher\" content=\"https:\/\/web.facebook.com\/Depto.Ingenieria.industrial.UdeSantiagodeChile?_rdc=1&amp;_rdr\" \/>\n<meta property=\"article:modified_time\" content=\"2022-11-22T19:29:55+00:00\" \/>\n<meta name=\"twitter:card\" content=\"summary_large_image\" \/>\n<meta name=\"twitter:label1\" content=\"Est. reading time\" \/>\n\t<meta name=\"twitter:data1\" content=\"3 minutes\" \/>\n<script type=\"application\/ld+json\" class=\"yoast-schema-graph\">{\"@context\":\"https:\/\/schema.org\",\"@graph\":[{\"@type\":\"WebPage\",\"@id\":\"https:\/\/www.ingenieriaindustrial-usach.cl\/departamento\/infraestructura\/\",\"url\":\"https:\/\/www.ingenieriaindustrial-usach.cl\/departamento\/infraestructura\/\",\"name\":\"Infraestructura - Departamento de Ingenier\u00eda Industrial Universidad de Santiago\",\"isPartOf\":{\"@id\":\"https:\/\/www.ingenieriaindustrial-usach.cl\/#website\"},\"datePublished\":\"2017-09-25T02:51:50+00:00\",\"dateModified\":\"2022-11-22T19:29:55+00:00\",\"breadcrumb\":{\"@id\":\"https:\/\/www.ingenieriaindustrial-usach.cl\/departamento\/infraestructura\/#breadcrumb\"},\"inLanguage\":\"en-US\",\"potentialAction\":[{\"@type\":\"ReadAction\",\"target\":[\"https:\/\/www.ingenieriaindustrial-usach.cl\/departamento\/infraestructura\/\"]}]},{\"@type\":\"BreadcrumbList\",\"@id\":\"https:\/\/www.ingenieriaindustrial-usach.cl\/departamento\/infraestructura\/#breadcrumb\",\"itemListElement\":[{\"@type\":\"ListItem\",\"position\":1,\"name\":\"Portada\",\"item\":\"https:\/\/www.ingenieriaindustrial-usach.cl\/\"},{\"@type\":\"ListItem\",\"position\":2,\"name\":\"Departamento\",\"item\":\"https:\/\/www.ingenieriaindustrial-usach.cl\/departamentodii\/\"},{\"@type\":\"ListItem\",\"position\":3,\"name\":\"Infraestructura\"}]},{\"@type\":\"WebSite\",\"@id\":\"https:\/\/www.ingenieriaindustrial-usach.cl\/#website\",\"url\":\"https:\/\/www.ingenieriaindustrial-usach.cl\/\",\"name\":\"Departamento de Ingenier\u00eda Industrial Universidad de Santiago\",\"description\":\"Otro sitio realizado con WordPress\",\"publisher\":{\"@id\":\"https:\/\/www.ingenieriaindustrial-usach.cl\/#organization\"},\"potentialAction\":[{\"@type\":\"SearchAction\",\"target\":{\"@type\":\"EntryPoint\",\"urlTemplate\":\"https:\/\/www.ingenieriaindustrial-usach.cl\/?s={search_term_string}\"},\"query-input\":\"required name=search_term_string\"}],\"inLanguage\":\"en-US\"},{\"@type\":\"Organization\",\"@id\":\"https:\/\/www.ingenieriaindustrial-usach.cl\/#organization\",\"name\":\"Departamento de Ingenier\u00eda Industrial Universidad de Santiago\",\"url\":\"https:\/\/www.ingenieriaindustrial-usach.cl\/\",\"logo\":{\"@type\":\"ImageObject\",\"inLanguage\":\"en-US\",\"@id\":\"https:\/\/www.ingenieriaindustrial-usach.cl\/#\/schema\/logo\/image\/\",\"url\":\"https:\/\/www.ingenieriaindustrial-usach.cl\/wp-content\/uploads\/2023\/11\/cropped-favicon_usach-01.png\",\"contentUrl\":\"https:\/\/www.ingenieriaindustrial-usach.cl\/wp-content\/uploads\/2023\/11\/cropped-favicon_usach-01.png\",\"width\":512,\"height\":512,\"caption\":\"Departamento de Ingenier\u00eda Industrial Universidad de Santiago\"},\"image\":{\"@id\":\"https:\/\/www.ingenieriaindustrial-usach.cl\/#\/schema\/logo\/image\/\"},\"sameAs\":[\"https:\/\/web.facebook.com\/Depto.Ingenieria.industrial.UdeSantiagodeChile?_rdc=1&_rdr\",\"https:\/\/www.linkedin.com\/in\/departamento-ingeniera-industrial-usach-94780711b\/\",\"https:\/\/www.instagram.com\/ingenieria_industrial_usach\/\"]}]}<\/script>\n<!-- \/ Yoast SEO plugin. -->","yoast_head_json":{"title":"Infraestructura - Departamento de Ingenier\u00eda Industrial Universidad de Santiago","robots":{"index":"index","follow":"follow","max-snippet":"max-snippet:-1","max-image-preview":"max-image-preview:large","max-video-preview":"max-video-preview:-1"},"canonical":"https:\/\/www.ingenieriaindustrial-usach.cl\/departamento\/infraestructura\/","og_locale":"en_US","og_type":"article","og_title":"Infraestructura - Departamento de Ingenier\u00eda Industrial Universidad de Santiago","og_description":"[vc_row section_top_margin=&#8221;doubletopmargin&#8221; section_bottom_margin=&#8221;nobottommargin&#8221; section_background=&#8221;color&#8221; background_color=&#8221;#ffffff&#8221; section_id=&#8221;cabecera-interior&#8221;][vc_column][vc_row_inner seqspeed=&#8221;150&#8243; el_class=&#8221;contenido&#8221;][vc_column_inner width=&#8221;1\/4&#8243;][vc_column_text el_class=&#8221;cabecera-seccion&#8221;] Departamento [\/vc_column_text][\/vc_column_inner][vc_column_inner width=&#8221;3\/4&#8243;][vc_column_text el_class=&#8221;breadcrumb-content&#8221;][\/vc_column_text][\/vc_column_inner][\/vc_row_inner][\/vc_column][\/vc_row][vc_row section_top_margin=&#8221;notopmargin&#8221; section_bottom_margin=&#8221;nobottommargin&#8221; section_background=&#8221;color&#8221; background_color=&#8221;#ffffff&#8221;][vc_column][vc_row_inner][vc_column_inner width=&#8221;3\/4&#8243;][vc_column_text] Infraestructura El Departamento de Ingenier\u00eda Industrial cuenta con un edificio de cinco niveles, con cerca de 2.500 metros cuadrados construidos.\u00a0 Un moderno edificio de hormig\u00f3n armado a la vista, posee amplios &hellip; Seguir Leyendo &rarr;","og_url":"https:\/\/www.ingenieriaindustrial-usach.cl\/departamento\/infraestructura\/","og_site_name":"Departamento de Ingenier\u00eda Industrial Universidad de Santiago","article_publisher":"https:\/\/web.facebook.com\/Depto.Ingenieria.industrial.UdeSantiagodeChile?_rdc=1&_rdr","article_modified_time":"2022-11-22T19:29:55+00:00","twitter_card":"summary_large_image","twitter_misc":{"Est. reading time":"3 minutes"},"schema":{"@context":"https:\/\/schema.org","@graph":[{"@type":"WebPage","@id":"https:\/\/www.ingenieriaindustrial-usach.cl\/departamento\/infraestructura\/","url":"https:\/\/www.ingenieriaindustrial-usach.cl\/departamento\/infraestructura\/","name":"Infraestructura - Departamento de Ingenier\u00eda Industrial Universidad de Santiago","isPartOf":{"@id":"https:\/\/www.ingenieriaindustrial-usach.cl\/#website"},"datePublished":"2017-09-25T02:51:50+00:00","dateModified":"2022-11-22T19:29:55+00:00","breadcrumb":{"@id":"https:\/\/www.ingenieriaindustrial-usach.cl\/departamento\/infraestructura\/#breadcrumb"},"inLanguage":"en-US","potentialAction":[{"@type":"ReadAction","target":["https:\/\/www.ingenieriaindustrial-usach.cl\/departamento\/infraestructura\/"]}]},{"@type":"BreadcrumbList","@id":"https:\/\/www.ingenieriaindustrial-usach.cl\/departamento\/infraestructura\/#breadcrumb","itemListElement":[{"@type":"ListItem","position":1,"name":"Portada","item":"https:\/\/www.ingenieriaindustrial-usach.cl\/"},{"@type":"ListItem","position":2,"name":"Departamento","item":"https:\/\/www.ingenieriaindustrial-usach.cl\/departamentodii\/"},{"@type":"ListItem","position":3,"name":"Infraestructura"}]},{"@type":"WebSite","@id":"https:\/\/www.ingenieriaindustrial-usach.cl\/#website","url":"https:\/\/www.ingenieriaindustrial-usach.cl\/","name":"Departamento de Ingenier\u00eda Industrial Universidad de Santiago","description":"Otro sitio realizado con WordPress","publisher":{"@id":"https:\/\/www.ingenieriaindustrial-usach.cl\/#organization"},"potentialAction":[{"@type":"SearchAction","target":{"@type":"EntryPoint","urlTemplate":"https:\/\/www.ingenieriaindustrial-usach.cl\/?s={search_term_string}"},"query-input":"required name=search_term_string"}],"inLanguage":"en-US"},{"@type":"Organization","@id":"https:\/\/www.ingenieriaindustrial-usach.cl\/#organization","name":"Departamento de Ingenier\u00eda Industrial Universidad de Santiago","url":"https:\/\/www.ingenieriaindustrial-usach.cl\/","logo":{"@type":"ImageObject","inLanguage":"en-US","@id":"https:\/\/www.ingenieriaindustrial-usach.cl\/#\/schema\/logo\/image\/","url":"https:\/\/www.ingenieriaindustrial-usach.cl\/wp-content\/uploads\/2023\/11\/cropped-favicon_usach-01.png","contentUrl":"https:\/\/www.ingenieriaindustrial-usach.cl\/wp-content\/uploads\/2023\/11\/cropped-favicon_usach-01.png","width":512,"height":512,"caption":"Departamento de Ingenier\u00eda Industrial Universidad de Santiago"},"image":{"@id":"https:\/\/www.ingenieriaindustrial-usach.cl\/#\/schema\/logo\/image\/"},"sameAs":["https:\/\/web.facebook.com\/Depto.Ingenieria.industrial.UdeSantiagodeChile?_rdc=1&_rdr","https:\/\/www.linkedin.com\/in\/departamento-ingeniera-industrial-usach-94780711b\/","https:\/\/www.instagram.com\/ingenieria_industrial_usach\/"]}]}},"_links":{"self":[{"href":"https:\/\/www.ingenieriaindustrial-usach.cl\/en\/wp-json\/wp\/v2\/pages\/245"}],"collection":[{"href":"https:\/\/www.ingenieriaindustrial-usach.cl\/en\/wp-json\/wp\/v2\/pages"}],"about":[{"href":"https:\/\/www.ingenieriaindustrial-usach.cl\/en\/wp-json\/wp\/v2\/types\/page"}],"author":[{"embeddable":true,"href":"https:\/\/www.ingenieriaindustrial-usach.cl\/en\/wp-json\/wp\/v2\/users\/1"}],"replies":[{"embeddable":true,"href":"https:\/\/www.ingenieriaindustrial-usach.cl\/en\/wp-json\/wp\/v2\/comments?post=245"}],"version-history":[{"count":6,"href":"https:\/\/www.ingenieriaindustrial-usach.cl\/en\/wp-json\/wp\/v2\/pages\/245\/revisions"}],"predecessor-version":[{"id":7799,"href":"https:\/\/www.ingenieriaindustrial-usach.cl\/en\/wp-json\/wp\/v2\/pages\/245\/revisions\/7799"}],"up":[{"embeddable":true,"href":"https:\/\/www.ingenieriaindustrial-usach.cl\/en\/wp-json\/wp\/v2\/pages\/123"}],"wp:attachment":[{"href":"https:\/\/www.ingenieriaindustrial-usach.cl\/en\/wp-json\/wp\/v2\/media?parent=245"}],"curies":[{"name":"wp","href":"https:\/\/api.w.org\/{rel}","templated":true}]}}