{"id":1194,"date":"2017-11-28T16:37:16","date_gmt":"2017-11-28T19:37:16","guid":{"rendered":"http:\/\/www.ingenieriaindustrial-usach.cl\/?page_id=1194"},"modified":"2019-08-06T11:06:39","modified_gmt":"2019-08-06T15:06:39","slug":"publicar-ofertas-laborales-y-de-practica","status":"publish","type":"page","link":"https:\/\/www.ingenieriaindustrial-usach.cl\/en\/publicar-ofertas-laborales-y-de-practica\/","title":{"rendered":"Publicar Ofertas Laborales y de Pr\u00e1ctica"},"content":{"rendered":"<p>[vc_row section_top_margin=&#8221;doubletopmargin&#8221; section_bottom_margin=&#8221;nobottommargin&#8221; section_background=&#8221;color&#8221; background_color=&#8221;#ffffff&#8221; section_id=&#8221;cabecera-interior&#8221;][vc_column][vc_row_inner seqspeed=&#8221;150&#8243; el_class=&#8221;contenido&#8221;][vc_column_inner width=&#8221;1\/4&#8243;][vc_column_text el_class=&#8221;cabecera-seccion&#8221;]<\/p>\n<h2>Vinculaci\u00f3n con el Medio<\/h2>\n<p>[\/vc_column_text][\/vc_column_inner][vc_column_inner width=&#8221;3\/4&#8243;][vc_column_text el_class=&#8221;breadcrumb-content&#8221;]<div class=\"breadcrumbs\" typeof=\"BreadcrumbList\" vocab=\"http:\/\/schema.org\/\">\r\n    \tUsted est\u00e1 en: <!-- Breadcrumb NavXT 7.3.1 -->\n<span property=\"itemListElement\" typeof=\"ListItem\"><a property=\"item\" typeof=\"WebPage\" title=\"Go to Departamento de Ingenier\u00eda Industrial Universidad de Santiago.\" href=\"https:\/\/www.ingenieriaindustrial-usach.cl\/en\" class=\"home\" aria-current=\"page\"><span property=\"name\">Departamento de Ingenier\u00eda Industrial Universidad de Santiago<\/span><\/a><meta property=\"position\" content=\"1\"><\/span><\/div>[\/vc_column_text][\/vc_column_inner][\/vc_row_inner][\/vc_column][\/vc_row][vc_row section_top_margin=&#8221;notopmargin&#8221; section_bottom_margin=&#8221;nobottommargin&#8221; section_background=&#8221;color&#8221; background_color=&#8221;#ffffff&#8221;][vc_column][vc_row_inner][vc_column_inner width=&#8221;3\/4&#8243;][vc_column_text]<\/p>\n<h3>Publicar Ofertas Laborales y de Pr\u00e1ctica<\/h3>\n<p>Bienvenido. En esta p\u00e1gina podr\u00e1s ingresar con tu cuenta, y enviarnos ofertas laborales o de pr\u00e1cticas que desees publicar en nuestro portal.<\/p>\n<h3>Iniciar sesi\u00f3n<\/h3>\n<div id=\"wppb-login-wrap\" class=\"wppb-user-forms\">\n\t\t<form name=\"wppb-loginform\" id=\"wppb-loginform\" action=\"https:\/\/www.ingenieriaindustrial-usach.cl\/en\/wp-json\/wp\/v2\/pages\/1194\" method=\"post\">\n\t\t\t\n\t\t\t<p class=\"wppb-form-field login-username\">\n\t\t\t\t<label for=\"user_login\">Username or Email<\/label>\n\t\t\t\t<input type=\"text\" name=\"log\" id=\"user_login\" class=\"input\" value=\"\" size=\"20\" \/>\n\t\t\t<\/p>\n\t\t\t<p class=\"wppb-form-field login-password\">\n\t\t\t\t<label for=\"user_pass\">Password<\/label>\n\t\t\t\t<input type=\"password\" name=\"pwd\" id=\"user_pass\" class=\"input\" value=\"\" size=\"20\" \/>\n\t\t\t<\/p>\n\t\t\t\n\t\t\t<p class=\"wppb-form-field login-remember\"><input name=\"rememberme\" type=\"checkbox\" id=\"rememberme\" value=\"forever\" \/><label for=\"rememberme\">Remember Me<\/label><\/p>\n\t\t\t<p class=\"login-submit\">\n\t\t\t\t<input type=\"submit\" name=\"wp-submit\" id=\"wppb-submit\" class=\"button button-primary\" value=\"Log In\" \/>\n\t\t\t\t<input type=\"hidden\" name=\"redirect_to\" value=\"https:\/\/www.ingenieriaindustrial-usach.cl\/en\/wp-json\/wp\/v2\/pages\/1194\" \/>\n\t\t\t<\/p>\n\t\t\t<input type=\"hidden\" name=\"wppb_login\" value=\"true\"\/>\n\t\t\t<input type=\"hidden\" name=\"wppb_form_location\" value=\"widget\"\/>\n\t\t\t<input type=\"hidden\" name=\"wppb_request_url\" value=\"https:\/\/www.ingenieriaindustrial-usach.cl\/en\/wp-json\/wp\/v2\/pages\/1194\"\/>\n\t\t\t<input type=\"hidden\" name=\"wppb_lostpassword_url\" value=\"\"\/>\n\t\t\t<input type=\"hidden\" name=\"wppb_redirect_priority\" value=\"\"\/>\n\t\t\t<input type=\"hidden\" name=\"wppb_referer_url\" value=\"\"\/>\n\t\t\t<input type=\"hidden\" id=\"CSRFToken-wppb\" name=\"CSRFToken-wppb\" value=\"0583f5b97c\" \/><input type=\"hidden\" name=\"_wp_http_referer\" value=\"\/en\/wp-json\/wp\/v2\/pages\/1194\" \/>\n\t\t\t<input type=\"hidden\" name=\"wppb_redirect_check\" value=\"true\"\/>\n\t\t\t\n\t\t<\/form><\/div>\n<h3>Recuperar contrase\u00f1a<\/h3>\n<p><div class=\"wppb_holder\" id=\"wppb-recover-password-container\">\t<form enctype=\"multipart\/form-data\" method=\"post\" id=\"wppb-recover-password\" class=\"wppb-user-forms\" action=\"https:\/\/www.ingenieriaindustrial-usach.cl\/en\/wp-json\/wp\/v2\/pages\/1194\">\n\t<p>Please enter your username or email address.<br \/>You will receive a link to create a new password via email.<\/p><ul>\n\t\t\t<li class=\"wppb-form-field wppb-username-email\">\n\t\t\t\t<label for=\"username_email\">Username or Email<\/label>\n\t\t\t\t<input class=\"text-input\" name=\"username_email\" type=\"text\" id=\"username_email\" value=\"\"  \/>\n\t\t\t<\/li><!-- .username_email --><\/ul>\t<p class=\"form-submit\">\n\t\t\t\t<input name=\"recover_password\" type=\"submit\" id=\"wppb-recover-password-button\" class=\"submit button\" value=\"Get New Password\" \/>\n\t\t<input name=\"action\" type=\"hidden\" id=\"action\" value=\"recover_password\" \/>\n\t<\/p>\n\t<input type=\"hidden\" id=\"password_recovery_nonce_field\" name=\"password_recovery_nonce_field\" value=\"e555d8fe5a\" \/><input type=\"hidden\" name=\"_wp_http_referer\" value=\"\/en\/wp-json\/wp\/v2\/pages\/1194\" \/>\t<\/form>\n\t<\/div>[\/vc_column_text][vc_column_text el_class=&#8221;ocultar-logout&#8221;]<\/p>\n<h3>Publicar Oferta<\/h3>\n<p>Una vez iniciada tu sesi\u00f3n, podr\u00e1s <a href=\"http:\/\/www.ingenieriaindustrial-usach.cl\/vinculacion-con-el-medio\/publicar-ofertas-laborales-y-de-practica\/publicar\/\"><strong>entrar aqu\u00ed<\/strong><\/a> y enviarnos tu oferta laboral o de pr\u00e1ctica profesional<\/p>\n<h3>Editar Perfil<\/h3>\n<p>Puedes modificar tu perfil y cambiar tu contrase\u00f1a <a href=\"http:\/\/www.ingenieriaindustrial-usach.cl\/vinculacion-con-el-medio\/publicar-ofertas-laborales-y-de-practica\/perfil\/\"><strong>ingresando aqu\u00ed<\/strong><\/a>.[\/vc_column_text][vc_empty_space height=&#8221;200px&#8221;][\/vc_column_inner][vc_column_inner el_class=&#8221;contacto-fondo-gris-claro&#8221; width=&#8221;1\/4&#8243;][vc_widget_sidebar sidebar_id=&#8221;Vinculacion&#8221;][\/vc_column_inner][\/vc_row_inner][\/vc_column][\/vc_row][vc_row section_top_margin=&#8221;tripletopmargin&#8221; section_bottom_margin=&#8221;triplebottommargin&#8221; section_schema=&#8221;light&#8221; section_background=&#8221;parallaxbg&#8221; parallax_enable_1=&#8221;yes&#8221; parallax_background_1=&#8221;center&#8221; parallax_cover_1=&#8221;yes&#8221; parallax_speed_1=&#8221;300&#8243; section_id=&#8221;mensaje&#8221; parallax_image_1=&#8221;77&#8243;][vc_column][vc_row_inner][vc_column_inner width=&#8221;3\/4&#8243;][\/vc_column_inner][vc_column_inner el_class=&#8221;frase-txt&#8221; width=&#8221;1\/4&#8243;][vc_column_text el_class=&#8221;slogan-frase&#8221;]<\/p>\n<h2 style=\"text-align: right;\">Tradici\u00f3n e<br \/>\nInnovaci\u00f3n<\/h2>\n<p>[\/vc_column_text][\/vc_column_inner][\/vc_row_inner][\/vc_column][\/vc_row]<\/p>","protected":false},"excerpt":{"rendered":"<p>[vc_row section_top_margin=&#8221;doubletopmargin&#8221; section_bottom_margin=&#8221;nobottommargin&#8221; section_background=&#8221;color&#8221; background_color=&#8221;#ffffff&#8221; section_id=&#8221;cabecera-interior&#8221;][vc_column][vc_row_inner seqspeed=&#8221;150&#8243; el_class=&#8221;contenido&#8221;][vc_column_inner width=&#8221;1\/4&#8243;][vc_column_text el_class=&#8221;cabecera-seccion&#8221;] Vinculaci\u00f3n con el Medio [\/vc_column_text][\/vc_column_inner][vc_column_inner width=&#8221;3\/4&#8243;][vc_column_text el_class=&#8221;breadcrumb-content&#8221;][\/vc_column_text][\/vc_column_inner][\/vc_row_inner][\/vc_column][\/vc_row][vc_row section_top_margin=&#8221;notopmargin&#8221; section_bottom_margin=&#8221;nobottommargin&#8221; section_background=&#8221;color&#8221; background_color=&#8221;#ffffff&#8221;][vc_column][vc_row_inner][vc_column_inner width=&#8221;3\/4&#8243;][vc_column_text] Publicar Ofertas Laborales y de Pr\u00e1ctica Bienvenido. En esta p\u00e1gina podr\u00e1s ingresar con tu cuenta, y enviarnos ofertas laborales o de pr\u00e1cticas que desees publicar en nuestro portal. &hellip; <a class=\"readmore\" href=\"https:\/\/www.ingenieriaindustrial-usach.cl\/en\/publicar-ofertas-laborales-y-de-practica\/\">Seguir Leyendo <span class=\"meta-nav\">&rarr;<\/span><\/a><\/p>\n","protected":false},"author":1,"featured_media":0,"parent":0,"menu_order":0,"comment_status":"closed","ping_status":"closed","template":"template\/template-landing-page-vc.php","meta":{"footnotes":"","_links_to":"","_links_to_target":""},"yoast_head":"<!-- This site is optimized with the Yoast SEO plugin v23.0 - https:\/\/yoast.com\/wordpress\/plugins\/seo\/ -->\n<title>Publicar Ofertas Laborales y de Pr\u00e1ctica - Departamento de Ingenier\u00eda Industrial Universidad de Santiago<\/title>\n<meta name=\"robots\" content=\"index, follow, max-snippet:-1, max-image-preview:large, max-video-preview:-1\" \/>\n<link rel=\"canonical\" href=\"https:\/\/www.ingenieriaindustrial-usach.cl\/publicar-ofertas-laborales-y-de-practica\/\" \/>\n<meta property=\"og:locale\" content=\"en_US\" \/>\n<meta property=\"og:type\" content=\"article\" \/>\n<meta property=\"og:title\" content=\"Publicar Ofertas Laborales y de Pr\u00e1ctica - Departamento de Ingenier\u00eda Industrial Universidad de Santiago\" \/>\n<meta property=\"og:description\" content=\"[vc_row section_top_margin=&#8221;doubletopmargin&#8221; section_bottom_margin=&#8221;nobottommargin&#8221; section_background=&#8221;color&#8221; background_color=&#8221;#ffffff&#8221; section_id=&#8221;cabecera-interior&#8221;][vc_column][vc_row_inner seqspeed=&#8221;150&#8243; el_class=&#8221;contenido&#8221;][vc_column_inner width=&#8221;1\/4&#8243;][vc_column_text el_class=&#8221;cabecera-seccion&#8221;] Vinculaci\u00f3n con el Medio [\/vc_column_text][\/vc_column_inner][vc_column_inner width=&#8221;3\/4&#8243;][vc_column_text el_class=&#8221;breadcrumb-content&#8221;][\/vc_column_text][\/vc_column_inner][\/vc_row_inner][\/vc_column][\/vc_row][vc_row section_top_margin=&#8221;notopmargin&#8221; section_bottom_margin=&#8221;nobottommargin&#8221; section_background=&#8221;color&#8221; background_color=&#8221;#ffffff&#8221;][vc_column][vc_row_inner][vc_column_inner width=&#8221;3\/4&#8243;][vc_column_text] Publicar Ofertas Laborales y de Pr\u00e1ctica Bienvenido. En esta p\u00e1gina podr\u00e1s ingresar con tu cuenta, y enviarnos ofertas laborales o de pr\u00e1cticas que desees publicar en nuestro portal. &hellip; Seguir Leyendo &rarr;\" \/>\n<meta property=\"og:url\" content=\"https:\/\/www.ingenieriaindustrial-usach.cl\/publicar-ofertas-laborales-y-de-practica\/\" \/>\n<meta property=\"og:site_name\" content=\"Departamento de Ingenier\u00eda Industrial Universidad de Santiago\" \/>\n<meta property=\"article:publisher\" content=\"https:\/\/web.facebook.com\/Depto.Ingenieria.industrial.UdeSantiagodeChile?_rdc=1&amp;_rdr\" \/>\n<meta property=\"article:modified_time\" content=\"2019-08-06T15:06:39+00:00\" \/>\n<meta name=\"twitter:card\" content=\"summary_large_image\" \/>\n<meta name=\"twitter:label1\" content=\"Est. reading time\" \/>\n\t<meta name=\"twitter:data1\" content=\"3 minutes\" \/>\n<script type=\"application\/ld+json\" class=\"yoast-schema-graph\">{\"@context\":\"https:\/\/schema.org\",\"@graph\":[{\"@type\":\"WebPage\",\"@id\":\"https:\/\/www.ingenieriaindustrial-usach.cl\/publicar-ofertas-laborales-y-de-practica\/\",\"url\":\"https:\/\/www.ingenieriaindustrial-usach.cl\/publicar-ofertas-laborales-y-de-practica\/\",\"name\":\"Publicar Ofertas Laborales y de Pr\u00e1ctica - Departamento de Ingenier\u00eda Industrial Universidad de Santiago\",\"isPartOf\":{\"@id\":\"https:\/\/www.ingenieriaindustrial-usach.cl\/#website\"},\"datePublished\":\"2017-11-28T19:37:16+00:00\",\"dateModified\":\"2019-08-06T15:06:39+00:00\",\"breadcrumb\":{\"@id\":\"https:\/\/www.ingenieriaindustrial-usach.cl\/publicar-ofertas-laborales-y-de-practica\/#breadcrumb\"},\"inLanguage\":\"en-US\",\"potentialAction\":[{\"@type\":\"ReadAction\",\"target\":[\"https:\/\/www.ingenieriaindustrial-usach.cl\/publicar-ofertas-laborales-y-de-practica\/\"]}]},{\"@type\":\"BreadcrumbList\",\"@id\":\"https:\/\/www.ingenieriaindustrial-usach.cl\/publicar-ofertas-laborales-y-de-practica\/#breadcrumb\",\"itemListElement\":[{\"@type\":\"ListItem\",\"position\":1,\"name\":\"Portada\",\"item\":\"https:\/\/www.ingenieriaindustrial-usach.cl\/\"},{\"@type\":\"ListItem\",\"position\":2,\"name\":\"Publicar Ofertas Laborales y de Pr\u00e1ctica\"}]},{\"@type\":\"WebSite\",\"@id\":\"https:\/\/www.ingenieriaindustrial-usach.cl\/#website\",\"url\":\"https:\/\/www.ingenieriaindustrial-usach.cl\/\",\"name\":\"Departamento de Ingenier\u00eda Industrial Universidad de Santiago\",\"description\":\"Otro sitio realizado con WordPress\",\"publisher\":{\"@id\":\"https:\/\/www.ingenieriaindustrial-usach.cl\/#organization\"},\"potentialAction\":[{\"@type\":\"SearchAction\",\"target\":{\"@type\":\"EntryPoint\",\"urlTemplate\":\"https:\/\/www.ingenieriaindustrial-usach.cl\/?s={search_term_string}\"},\"query-input\":\"required name=search_term_string\"}],\"inLanguage\":\"en-US\"},{\"@type\":\"Organization\",\"@id\":\"https:\/\/www.ingenieriaindustrial-usach.cl\/#organization\",\"name\":\"Departamento de Ingenier\u00eda Industrial Universidad de Santiago\",\"url\":\"https:\/\/www.ingenieriaindustrial-usach.cl\/\",\"logo\":{\"@type\":\"ImageObject\",\"inLanguage\":\"en-US\",\"@id\":\"https:\/\/www.ingenieriaindustrial-usach.cl\/#\/schema\/logo\/image\/\",\"url\":\"https:\/\/www.ingenieriaindustrial-usach.cl\/wp-content\/uploads\/2023\/11\/cropped-favicon_usach-01.png\",\"contentUrl\":\"https:\/\/www.ingenieriaindustrial-usach.cl\/wp-content\/uploads\/2023\/11\/cropped-favicon_usach-01.png\",\"width\":512,\"height\":512,\"caption\":\"Departamento de Ingenier\u00eda Industrial Universidad de Santiago\"},\"image\":{\"@id\":\"https:\/\/www.ingenieriaindustrial-usach.cl\/#\/schema\/logo\/image\/\"},\"sameAs\":[\"https:\/\/web.facebook.com\/Depto.Ingenieria.industrial.UdeSantiagodeChile?_rdc=1&_rdr\",\"https:\/\/www.linkedin.com\/in\/departamento-ingeniera-industrial-usach-94780711b\/\",\"https:\/\/www.instagram.com\/ingenieria_industrial_usach\/\"]}]}<\/script>\n<!-- \/ Yoast SEO plugin. -->","yoast_head_json":{"title":"Publicar Ofertas Laborales y de Pr\u00e1ctica - Departamento de Ingenier\u00eda Industrial Universidad de Santiago","robots":{"index":"index","follow":"follow","max-snippet":"max-snippet:-1","max-image-preview":"max-image-preview:large","max-video-preview":"max-video-preview:-1"},"canonical":"https:\/\/www.ingenieriaindustrial-usach.cl\/publicar-ofertas-laborales-y-de-practica\/","og_locale":"en_US","og_type":"article","og_title":"Publicar Ofertas Laborales y de Pr\u00e1ctica - Departamento de Ingenier\u00eda Industrial Universidad de Santiago","og_description":"[vc_row section_top_margin=&#8221;doubletopmargin&#8221; section_bottom_margin=&#8221;nobottommargin&#8221; section_background=&#8221;color&#8221; background_color=&#8221;#ffffff&#8221; section_id=&#8221;cabecera-interior&#8221;][vc_column][vc_row_inner seqspeed=&#8221;150&#8243; el_class=&#8221;contenido&#8221;][vc_column_inner width=&#8221;1\/4&#8243;][vc_column_text el_class=&#8221;cabecera-seccion&#8221;] Vinculaci\u00f3n con el Medio [\/vc_column_text][\/vc_column_inner][vc_column_inner width=&#8221;3\/4&#8243;][vc_column_text el_class=&#8221;breadcrumb-content&#8221;][\/vc_column_text][\/vc_column_inner][\/vc_row_inner][\/vc_column][\/vc_row][vc_row section_top_margin=&#8221;notopmargin&#8221; section_bottom_margin=&#8221;nobottommargin&#8221; section_background=&#8221;color&#8221; background_color=&#8221;#ffffff&#8221;][vc_column][vc_row_inner][vc_column_inner width=&#8221;3\/4&#8243;][vc_column_text] Publicar Ofertas Laborales y de Pr\u00e1ctica Bienvenido. En esta p\u00e1gina podr\u00e1s ingresar con tu cuenta, y enviarnos ofertas laborales o de pr\u00e1cticas que desees publicar en nuestro portal. &hellip; Seguir Leyendo &rarr;","og_url":"https:\/\/www.ingenieriaindustrial-usach.cl\/publicar-ofertas-laborales-y-de-practica\/","og_site_name":"Departamento de Ingenier\u00eda Industrial Universidad de Santiago","article_publisher":"https:\/\/web.facebook.com\/Depto.Ingenieria.industrial.UdeSantiagodeChile?_rdc=1&_rdr","article_modified_time":"2019-08-06T15:06:39+00:00","twitter_card":"summary_large_image","twitter_misc":{"Est. reading time":"3 minutes"},"schema":{"@context":"https:\/\/schema.org","@graph":[{"@type":"WebPage","@id":"https:\/\/www.ingenieriaindustrial-usach.cl\/publicar-ofertas-laborales-y-de-practica\/","url":"https:\/\/www.ingenieriaindustrial-usach.cl\/publicar-ofertas-laborales-y-de-practica\/","name":"Publicar Ofertas Laborales y de Pr\u00e1ctica - Departamento de Ingenier\u00eda Industrial Universidad de Santiago","isPartOf":{"@id":"https:\/\/www.ingenieriaindustrial-usach.cl\/#website"},"datePublished":"2017-11-28T19:37:16+00:00","dateModified":"2019-08-06T15:06:39+00:00","breadcrumb":{"@id":"https:\/\/www.ingenieriaindustrial-usach.cl\/publicar-ofertas-laborales-y-de-practica\/#breadcrumb"},"inLanguage":"en-US","potentialAction":[{"@type":"ReadAction","target":["https:\/\/www.ingenieriaindustrial-usach.cl\/publicar-ofertas-laborales-y-de-practica\/"]}]},{"@type":"BreadcrumbList","@id":"https:\/\/www.ingenieriaindustrial-usach.cl\/publicar-ofertas-laborales-y-de-practica\/#breadcrumb","itemListElement":[{"@type":"ListItem","position":1,"name":"Portada","item":"https:\/\/www.ingenieriaindustrial-usach.cl\/"},{"@type":"ListItem","position":2,"name":"Publicar Ofertas Laborales y de Pr\u00e1ctica"}]},{"@type":"WebSite","@id":"https:\/\/www.ingenieriaindustrial-usach.cl\/#website","url":"https:\/\/www.ingenieriaindustrial-usach.cl\/","name":"Departamento de Ingenier\u00eda Industrial Universidad de Santiago","description":"Otro sitio realizado con WordPress","publisher":{"@id":"https:\/\/www.ingenieriaindustrial-usach.cl\/#organization"},"potentialAction":[{"@type":"SearchAction","target":{"@type":"EntryPoint","urlTemplate":"https:\/\/www.ingenieriaindustrial-usach.cl\/?s={search_term_string}"},"query-input":"required name=search_term_string"}],"inLanguage":"en-US"},{"@type":"Organization","@id":"https:\/\/www.ingenieriaindustrial-usach.cl\/#organization","name":"Departamento de Ingenier\u00eda Industrial Universidad de Santiago","url":"https:\/\/www.ingenieriaindustrial-usach.cl\/","logo":{"@type":"ImageObject","inLanguage":"en-US","@id":"https:\/\/www.ingenieriaindustrial-usach.cl\/#\/schema\/logo\/image\/","url":"https:\/\/www.ingenieriaindustrial-usach.cl\/wp-content\/uploads\/2023\/11\/cropped-favicon_usach-01.png","contentUrl":"https:\/\/www.ingenieriaindustrial-usach.cl\/wp-content\/uploads\/2023\/11\/cropped-favicon_usach-01.png","width":512,"height":512,"caption":"Departamento de Ingenier\u00eda Industrial Universidad de Santiago"},"image":{"@id":"https:\/\/www.ingenieriaindustrial-usach.cl\/#\/schema\/logo\/image\/"},"sameAs":["https:\/\/web.facebook.com\/Depto.Ingenieria.industrial.UdeSantiagodeChile?_rdc=1&_rdr","https:\/\/www.linkedin.com\/in\/departamento-ingeniera-industrial-usach-94780711b\/","https:\/\/www.instagram.com\/ingenieria_industrial_usach\/"]}]}},"_links":{"self":[{"href":"https:\/\/www.ingenieriaindustrial-usach.cl\/en\/wp-json\/wp\/v2\/pages\/1194"}],"collection":[{"href":"https:\/\/www.ingenieriaindustrial-usach.cl\/en\/wp-json\/wp\/v2\/pages"}],"about":[{"href":"https:\/\/www.ingenieriaindustrial-usach.cl\/en\/wp-json\/wp\/v2\/types\/page"}],"author":[{"embeddable":true,"href":"https:\/\/www.ingenieriaindustrial-usach.cl\/en\/wp-json\/wp\/v2\/users\/1"}],"replies":[{"embeddable":true,"href":"https:\/\/www.ingenieriaindustrial-usach.cl\/en\/wp-json\/wp\/v2\/comments?post=1194"}],"version-history":[{"count":10,"href":"https:\/\/www.ingenieriaindustrial-usach.cl\/en\/wp-json\/wp\/v2\/pages\/1194\/revisions"}],"predecessor-version":[{"id":3706,"href":"https:\/\/www.ingenieriaindustrial-usach.cl\/en\/wp-json\/wp\/v2\/pages\/1194\/revisions\/3706"}],"wp:attachment":[{"href":"https:\/\/www.ingenieriaindustrial-usach.cl\/en\/wp-json\/wp\/v2\/media?parent=1194"}],"curies":[{"name":"wp","href":"https:\/\/api.w.org\/{rel}","templated":true}]}}